{"id":109,"date":"2021-11-17T04:22:52","date_gmt":"2021-11-17T04:22:52","guid":{"rendered":"https:\/\/e6.servicios-empresa.com\/?page_id=109"},"modified":"2025-12-03T16:36:35","modified_gmt":"2025-12-03T16:36:35","slug":"about-us","status":"publish","type":"page","link":"https:\/\/e6.servicios-empresa.com\/index.php\/about-us\/","title":{"rendered":"Quienes Somos"},"content":{"rendered":"\t\t<div data-elementor-type=\"wp-page\" data-elementor-id=\"109\" class=\"elementor elementor-109\">\n\t\t\t\t\t\t<section class=\"elementor-section elementor-top-section elementor-element elementor-element-00f351e elementor-section-boxed elementor-section-height-default elementor-section-height-default\" data-id=\"00f351e\" data-element_type=\"section\" data-settings=\"{&quot;background_background&quot;:&quot;classic&quot;}\">\n\t\t\t\t\t\t<div class=\"elementor-container elementor-column-gap-default\">\n\t\t\t\t\t<div class=\"elementor-column elementor-col-50 elementor-top-column elementor-element elementor-element-4dc3c5c\" data-id=\"4dc3c5c\" data-element_type=\"column\">\n\t\t\t<div class=\"elementor-widget-wrap elementor-element-populated\">\n\t\t\t\t\t\t<div class=\"elementor-element elementor-element-2e2b1ab elementor-widget elementor-widget-transflash_elementor_heading\" data-id=\"2e2b1ab\" data-element_type=\"widget\" data-widget_type=\"transflash_elementor_heading.default\">\n\t\t\t\t<div class=\"elementor-widget-container\">\n\t\t\t\t\t\n\t\t    <div class=\"ova-heading\">\n\t\t \t   <h2 class=\"title\">\t\t\t\t\t\t\t\t\t\t\tLeopoldo Romero Nuestra Historia\t\t\t\t\t\t\t\t\t<\/h2>\n\t\t\t\t\t\t    <\/div>\n\n         \t\t\t\t<\/div>\n\t\t\t\t<\/div>\n\t\t\t\t<div class=\"elementor-element elementor-element-18fecac elementor-widget elementor-widget-text-editor\" data-id=\"18fecac\" data-element_type=\"widget\" data-widget_type=\"text-editor.default\">\n\t\t\t\t\t\t\t\t\t<p data-start=\"0\" data-end=\"263\"><strong data-start=\"65\" data-end=\"96\">D. LEOPOLDO ROMERO GONZ\u00c1LEZ<\/strong> inici\u00f3 su actividad como transportista en el <strong data-start=\"142\" data-end=\"164\" data-is-only-node=\"\">Puerto de Valencia<\/strong> en el <strong data-start=\"171\" data-end=\"183\">a\u00f1o 1953<\/strong>, realizando transporte convencional. Este fue el inicio de la actual compa\u00f1\u00eda <strong data-start=\"262\" data-end=\"299\">TRANSPORTES LEOPOLDO ROMERO, S.L.<\/strong><br data-start=\"299\" data-end=\"302\" \/>En el <strong data-start=\"308\" data-end=\"320\">a\u00f1o 1985<\/strong>, se produce el <strong data-start=\"336\" data-end=\"359\">cambio generacional<\/strong>, ya trabajando con <strong data-start=\"379\" data-end=\"405\">contenedores mar\u00edtimos<\/strong>, siendo \u00e9sta su actividad principal.<br data-start=\"442\" data-end=\"445\" \/>En la actualidad, la compa\u00f1\u00eda est\u00e1 dirigida por la <strong data-start=\"496\" data-end=\"518\">tercera generaci\u00f3n<\/strong>, respetando la denominaci\u00f3n de la misma y siguiendo la <strong data-start=\"574\" data-end=\"643\">filosof\u00eda de trabajo de sus antecesores y fundador de la compa\u00f1\u00eda<\/strong>, operando desde el <strong data-start=\"663\" data-end=\"685\">Puerto de Valencia<\/strong>, dando servicio a <strong data-start=\"704\" data-end=\"735\">todo el territorio nacional<\/strong> y <strong data-start=\"738\" data-end=\"768\">pa\u00edses de la Uni\u00f3n Europea<\/strong>.<\/p>\t\t\t\t\t\t\t\t<\/div>\n\t\t\t\t<div class=\"elementor-element elementor-element-deff5de elementor-tabs-alignment-stretch elementor-tabs-view-horizontal elementor-widget elementor-widget-tabs\" data-id=\"deff5de\" data-element_type=\"widget\" data-widget_type=\"tabs.default\">\n\t\t\t\t\t        <div class=\"elementor-tabs\">\n            <div class=\"elementor-tabs-wrapper\" role=\"tablist\">\n                                    <div id=\"elementor-tab-title-2331\" class=\"elementor-tab-title elementor-tab-desktop-title\" aria-selected=\"true\" data-tab=\"1\" role=\"tab\" tabindex=\"0\" aria-controls=\"elementor-tab-content-2331\" aria-expanded=\"false\"><a href=\"\">Nuestra Misi\u00f3n<\/a><\/div>\n                                    <div id=\"elementor-tab-title-2332\" class=\"elementor-tab-title elementor-tab-desktop-title\" aria-selected=\"false\" data-tab=\"2\" role=\"tab\" tabindex=\"-1\" aria-controls=\"elementor-tab-content-2332\" aria-expanded=\"false\"><a href=\"\">Nuestra Visi\u00f3n<\/a><\/div>\n                            <\/div>\n            <div class=\"elementor-tabs-content-wrapper\" role=\"tablist\" aria-orientation=\"vertical\">\n                                    <div class=\"elementor-tab-title elementor-tab-mobile-title\" aria-selected=\"true\" data-tab=\"1\" role=\"tab\" tabindex=\"0\" aria-controls=\"elementor-tab-content-2331\" aria-expanded=\"false\">Nuestra Misi\u00f3n<\/div>\n                    <div id=\"elementor-tab-content-2331\" class=\"elementor-tab-content elementor-clearfix\" data-tab=\"1\" role=\"tabpanel\" aria-labelledby=\"elementor-tab-title-2331\" tabindex=\"0\" hidden=\"false\"><p>La <strong data-start=\"68\" data-end=\"87\">mejora continua<\/strong> de los servicios ofrecidos, por ello estamos permanentemente en contacto con nuestros clientes, para adaptarnos a sus necesidades y satisfacerlas de inmediato.<br data-start=\"247\" data-end=\"250\" \/>La direcci\u00f3n de <strong data-start=\"266\" data-end=\"291\">LEOPOLDO ROMERO, S.L.<\/strong> junto con todo el personal de la compa\u00f1\u00eda, asume su <strong data-start=\"344\" data-end=\"358\">compromiso<\/strong> en cada uno de los departamentos y responsabilidades para el <strong data-start=\"420\" data-end=\"463\">correcto y \u00f3ptimo funcionamiento diario<\/strong>.<br data-start=\"464\" data-end=\"467\" \/>Nuestra compa\u00f1\u00eda est\u00e1 <strong data-start=\"489\" data-end=\"527\">comprometida con el medio ambiente<\/strong>, por ello nuestros conductores mantienen una <strong data-start=\"573\" data-end=\"595\">formaci\u00f3n continua<\/strong>, pr\u00e1ctica y te\u00f3rica, sobre <strong data-start=\"623\" data-end=\"647\">conducci\u00f3n eficiente<\/strong>.<br data-start=\"648\" data-end=\"651\" \/>Asimismo mantenemos una <strong data-start=\"675\" data-end=\"721\">constante renovaci\u00f3n de nuestros veh\u00edculos<\/strong>, pudiendo ofrecer una <strong data-start=\"744\" data-end=\"782\">media de antig\u00fcedad de cuatro a\u00f1os<\/strong>.<\/p><\/div>\n                                    <div class=\"elementor-tab-title elementor-tab-mobile-title\" aria-selected=\"false\" data-tab=\"2\" role=\"tab\" tabindex=\"-1\" aria-controls=\"elementor-tab-content-2332\" aria-expanded=\"false\">Nuestra Visi\u00f3n<\/div>\n                    <div id=\"elementor-tab-content-2332\" class=\"elementor-tab-content elementor-clearfix\" data-tab=\"2\" role=\"tabpanel\" aria-labelledby=\"elementor-tab-title-2332\" tabindex=\"0\" hidden=\"hidden\"><p>Aspiramos a consolidarnos como una<strong> empresa de referencia<\/strong> en el sector del transporte por carretera, reconocida por su fiabilidad, innovaci\u00f3n y compromiso con la sostenibilidad. Nuestro objetivo es seguir creciendo junto a nuestros clientes, adapt\u00e1ndonos a las nuevas demandas del mercado y a los retos del futuro con responsabilidad y excelencia.<\/p><\/div>\n                            <\/div>\n        <\/div>\n        \t\t\t\t<\/div>\n\t\t\t\t\t<\/div>\n\t\t<\/div>\n\t\t\t\t<div class=\"elementor-column elementor-col-50 elementor-top-column elementor-element elementor-element-f89a251\" data-id=\"f89a251\" data-element_type=\"column\">\n\t\t\t<div class=\"elementor-widget-wrap elementor-element-populated\">\n\t\t\t\t\t\t<div class=\"elementor-element elementor-element-2bcb2da elementor-widget elementor-widget-image\" data-id=\"2bcb2da\" data-element_type=\"widget\" data-widget_type=\"image.default\">\n\t\t\t\t\t\t\t\t\t\t\t\t\t\t\t<img fetchpriority=\"high\" decoding=\"async\" width=\"630\" height=\"846\" src=\"https:\/\/e6.servicios-empresa.com\/wp-content\/uploads\/2021\/12\/about-company.jpg\" class=\"attachment-large size-large wp-image-3938\" alt=\"\" srcset=\"https:\/\/e6.servicios-empresa.com\/wp-content\/uploads\/2021\/12\/about-company.jpg 630w, https:\/\/e6.servicios-empresa.com\/wp-content\/uploads\/2021\/12\/about-company-223x300.jpg 223w\" sizes=\"(max-width: 630px) 100vw, 630px\" \/>\t\t\t\t\t\t\t\t\t\t\t\t\t\t\t<\/div>\n\t\t\t\t\t<\/div>\n\t\t<\/div>\n\t\t\t\t\t<\/div>\n\t\t<\/section>\n\t\t\t\t<section class=\"elementor-section elementor-top-section elementor-element elementor-element-04c8c5a elementor-section-boxed elementor-section-height-default elementor-section-height-default\" data-id=\"04c8c5a\" data-element_type=\"section\">\n\t\t\t\t\t\t<div class=\"elementor-container elementor-column-gap-no\">\n\t\t\t\t\t<div class=\"elementor-column elementor-col-25 elementor-top-column elementor-element elementor-element-6bf563b\" data-id=\"6bf563b\" data-element_type=\"column\">\n\t\t\t<div class=\"elementor-widget-wrap elementor-element-populated\">\n\t\t\t\t\t\t<div class=\"elementor-element elementor-element-4605e2a elementor-widget elementor-widget-counter\" data-id=\"4605e2a\" data-element_type=\"widget\" data-widget_type=\"counter.default\">\n\t\t\t\t\t\t\t<div class=\"elementor-counter\">\n\t\t\t\n\t\t\t<div class=\"elementor-counter-number-wrapper \">\n\n\t\t\t\t\n\t\t\t\t\n\t\t\t\t\t<div class=\"icon\">\n\t\t\t\t\t\t<i class=\"flaticon flaticon-express-delivery\"><\/i>\n\t\t\t\t\t<\/div>\n\n\t\t\t\t\n\t\t\t\t<span class=\"elementor-counter-number-prefix\"><\/span>\n\t\t\t\t<span class=\"elementor-counter-number\" data-duration=\"2000\" data-to-value=\"950\" data-from-value=\"0\" data-delimiter=\",\">0<\/span>\n\t\t\t\t<span class=\"elementor-counter-number-suffix\"><\/span>\n\t\t\t<\/div>\n\n\t\t\t\t\t\t\t<div class=\"elementor-counter-title\">Entregas Completadas<\/div>\n\t\t\t\n\t\t\t\t\t<\/div>\n\t\t\t\t\t\t<\/div>\n\t\t\t\t\t<\/div>\n\t\t<\/div>\n\t\t\t\t<div class=\"elementor-column elementor-col-25 elementor-top-column elementor-element elementor-element-68e6bc0\" data-id=\"68e6bc0\" data-element_type=\"column\">\n\t\t\t<div class=\"elementor-widget-wrap elementor-element-populated\">\n\t\t\t\t\t\t<div class=\"elementor-element elementor-element-9815bb3 elementor-widget elementor-widget-counter\" data-id=\"9815bb3\" data-element_type=\"widget\" data-widget_type=\"counter.default\">\n\t\t\t\t\t\t\t<div class=\"elementor-counter\">\n\t\t\t\n\t\t\t<div class=\"elementor-counter-number-wrapper \">\n\n\t\t\t\t\n\t\t\t\t\n\t\t\t\t\t<div class=\"icon\">\n\t\t\t\t\t\t<i class=\"flaticon flaticon-customer\"><\/i>\n\t\t\t\t\t<\/div>\n\n\t\t\t\t\n\t\t\t\t<span class=\"elementor-counter-number-prefix\"><\/span>\n\t\t\t\t<span class=\"elementor-counter-number\" data-duration=\"2000\" data-to-value=\"1250\" data-from-value=\"500\">500<\/span>\n\t\t\t\t<span class=\"elementor-counter-number-suffix\"><\/span>\n\t\t\t<\/div>\n\n\t\t\t\t\t\t\t<div class=\"elementor-counter-title\">Clientes Satisfechos<\/div>\n\t\t\t\n\t\t\t\t\t<\/div>\n\t\t\t\t\t\t<\/div>\n\t\t\t\t\t<\/div>\n\t\t<\/div>\n\t\t\t\t<div class=\"elementor-column elementor-col-25 elementor-top-column elementor-element elementor-element-c5a2958\" data-id=\"c5a2958\" data-element_type=\"column\">\n\t\t\t<div class=\"elementor-widget-wrap elementor-element-populated\">\n\t\t\t\t\t\t<div class=\"elementor-element elementor-element-6ec23aa elementor-widget elementor-widget-counter\" data-id=\"6ec23aa\" data-element_type=\"widget\" data-widget_type=\"counter.default\">\n\t\t\t\t\t\t\t<div class=\"elementor-counter\">\n\t\t\t\n\t\t\t<div class=\"elementor-counter-number-wrapper \">\n\n\t\t\t\t\n\t\t\t\t\n\t\t\t\t\t<div class=\"icon\">\n\t\t\t\t\t\t<i class=\"flaticon flaticon-trophy\"><\/i>\n\t\t\t\t\t<\/div>\n\n\t\t\t\t\n\t\t\t\t<span class=\"elementor-counter-number-prefix\"><\/span>\n\t\t\t\t<span class=\"elementor-counter-number\" data-duration=\"2000\" data-to-value=\"50\" data-from-value=\"0\" data-delimiter=\",\">0<\/span>\n\t\t\t\t<span class=\"elementor-counter-number-suffix\">+<\/span>\n\t\t\t<\/div>\n\n\t\t\t\t\t\t\t<div class=\"elementor-counter-title\">Premios Ganados<\/div>\n\t\t\t\n\t\t\t\t\t<\/div>\n\t\t\t\t\t\t<\/div>\n\t\t\t\t\t<\/div>\n\t\t<\/div>\n\t\t\t\t<div class=\"elementor-column elementor-col-25 elementor-top-column elementor-element elementor-element-563ccff\" data-id=\"563ccff\" data-element_type=\"column\">\n\t\t\t<div class=\"elementor-widget-wrap elementor-element-populated\">\n\t\t\t\t\t\t<div class=\"elementor-element elementor-element-7a4e076 elementor-widget elementor-widget-counter\" data-id=\"7a4e076\" data-element_type=\"widget\" data-widget_type=\"counter.default\">\n\t\t\t\t\t\t\t<div class=\"elementor-counter\">\n\t\t\t\n\t\t\t<div class=\"elementor-counter-number-wrapper \">\n\n\t\t\t\t\n\t\t\t\t\n\t\t\t\t\t<div class=\"icon\">\n\t\t\t\t\t\t<i class=\"flaticon flaticon-team\"><\/i>\n\t\t\t\t\t<\/div>\n\n\t\t\t\t\n\t\t\t\t<span class=\"elementor-counter-number-prefix\"><\/span>\n\t\t\t\t<span class=\"elementor-counter-number\" data-duration=\"2000\" data-to-value=\"120\" data-from-value=\"\" data-delimiter=\",\"><\/span>\n\t\t\t\t<span class=\"elementor-counter-number-suffix\"><\/span>\n\t\t\t<\/div>\n\n\t\t\t\t\t\t\t<div class=\"elementor-counter-title\">Miembros de Equipo<\/div>\n\t\t\t\n\t\t\t\t\t<\/div>\n\t\t\t\t\t\t<\/div>\n\t\t\t\t\t<\/div>\n\t\t<\/div>\n\t\t\t\t\t<\/div>\n\t\t<\/section>\n\t\t\t\t<\/div>\n\t\t","protected":false},"excerpt":{"rendered":"<p>Leopoldo Romero Nuestra Historia D. LEOPOLDO ROMERO GONZ\u00c1LEZ inici\u00f3 su actividad como transportista en el Puerto de Valencia en el a\u00f1o 1953, realizando transporte convencional. Este fue el inicio de la actual compa\u00f1\u00eda TRANSPORTES LEOPOLDO ROMERO, S.L.En el a\u00f1o 1985, se produce el cambio generacional, ya trabajando con contenedores mar\u00edtimos, siendo \u00e9sta su actividad principal.En [&hellip;]<\/p>\n","protected":false},"author":1,"featured_media":0,"parent":0,"menu_order":0,"comment_status":"closed","ping_status":"closed","template":"elementor_header_footer","meta":{"footnotes":""},"class_list":["post-109","page","type-page","status-publish","hentry"],"rttpg_featured_image_url":null,"rttpg_author":{"display_name":"admin","author_link":"https:\/\/e6.servicios-empresa.com\/index.php\/author\/vicentegaldon_pcwny9eu\/"},"rttpg_comment":0,"rttpg_category":null,"rttpg_excerpt":"Leopoldo Romero Nuestra Historia D. LEOPOLDO ROMERO GONZ\u00c1LEZ inici\u00f3 su actividad como transportista en el Puerto de Valencia en el a\u00f1o 1953, realizando transporte convencional. Este fue el inicio de la actual compa\u00f1\u00eda TRANSPORTES LEOPOLDO ROMERO, S.L.En el a\u00f1o 1985, se produce el cambio generacional, ya trabajando con contenedores mar\u00edtimos, siendo \u00e9sta su actividad principal.En&hellip;","_links":{"self":[{"href":"https:\/\/e6.servicios-empresa.com\/index.php\/wp-json\/wp\/v2\/pages\/109","targetHints":{"allow":["GET"]}}],"collection":[{"href":"https:\/\/e6.servicios-empresa.com\/index.php\/wp-json\/wp\/v2\/pages"}],"about":[{"href":"https:\/\/e6.servicios-empresa.com\/index.php\/wp-json\/wp\/v2\/types\/page"}],"author":[{"embeddable":true,"href":"https:\/\/e6.servicios-empresa.com\/index.php\/wp-json\/wp\/v2\/users\/1"}],"replies":[{"embeddable":true,"href":"https:\/\/e6.servicios-empresa.com\/index.php\/wp-json\/wp\/v2\/comments?post=109"}],"version-history":[{"count":9,"href":"https:\/\/e6.servicios-empresa.com\/index.php\/wp-json\/wp\/v2\/pages\/109\/revisions"}],"predecessor-version":[{"id":4934,"href":"https:\/\/e6.servicios-empresa.com\/index.php\/wp-json\/wp\/v2\/pages\/109\/revisions\/4934"}],"wp:attachment":[{"href":"https:\/\/e6.servicios-empresa.com\/index.php\/wp-json\/wp\/v2\/media?parent=109"}],"curies":[{"name":"wp","href":"https:\/\/api.w.org\/{rel}","templated":true}]}}