{"id":2,"date":"2025-07-07T06:31:11","date_gmt":"2025-07-07T06:31:11","guid":{"rendered":"https:\/\/e6.servicios-empresa.com\/?page_id=2"},"modified":"2025-12-09T07:52:40","modified_gmt":"2025-12-09T07:52:40","slug":"aviso-legal","status":"publish","type":"page","link":"https:\/\/e6.servicios-empresa.com\/index.php\/aviso-legal\/","title":{"rendered":"Aviso Legal"},"content":{"rendered":"\t\t<div data-elementor-type=\"wp-page\" data-elementor-id=\"2\" class=\"elementor elementor-2\">\n\t\t\t\t<div class=\"elementor-element elementor-element-e03c26d e-flex e-con-boxed e-con e-parent\" data-id=\"e03c26d\" data-element_type=\"container\">\n\t\t\t\t\t<div class=\"e-con-inner\">\n\t\t\t\t<div class=\"elementor-element elementor-element-2b570480 elementor-widget elementor-widget-text-editor\" data-id=\"2b570480\" data-element_type=\"widget\" data-widget_type=\"text-editor.default\">\n\t\t\t\t\t\t\t\t\t<p><strong><u>AVISO LEGAL <\/u><\/strong><\/p>\n<p>El hecho de acceder a este sitio web implica el conocimiento y aceptaci\u00f3n de los siguientes t\u00e9rminos y condiciones y atribuye la condici\u00f3n de usuario de la web y el acceso al mismo implica su aceptaci\u00f3n sin reservas. En caso de no aceptar las cl\u00e1usulas establecidas en el presente Aviso Legal, el usuario deber\u00e1 abstenerse de acceder y\/o utilizar los servicios y\/o contenidos puestos a su disposici\u00f3n en la p\u00e1gina, procediendo a abandonar la misma.<\/p>\n<p><strong>TITULARIDAD DEL SITIO WEB<\/strong><\/p>\n<p>TRANSPORTES LEOPOLDO ROMERO SL, en cumplimiento de lo establecido en el Art. 10 de la Ley 34\/2002, de 11 de julio, de Servicios de la Sociedad de la Informaci\u00f3n y Comercio Electr\u00f3nico (LSSI-CE), le informa de los datos identificativos relativos al sitio web <u>www.lromero.es<\/u>.<\/p>\n<p><u>DENOMINACI\u00d3N SOCIAL:<\/u> TRANSPORTES LEOPOLDO ROMERO SL<\/p>\n<p><u>DOMICILIO:<\/u>\u00a0C\/ RIU VINALOP\u00d3 N\u00ba 2 &#8211; 46930 QUART DE POBLET (VALENCIA)<\/p>\n<p><u>TEL\u00c9FONO:<\/u> +(34) 963678511<\/p>\n<p><u>CIF:<\/u>\u00a0B46261624<\/p>\n<p><u>CORREO ELECTR\u00d3NICO GENERAL:<\/u> <u>info@lromero.es<\/u><\/p>\n<p><u>DATOS DE INSCRIPCI\u00d3N EN EL REGISTRO MERCANTIL:<\/u>\u00a0REGISTRO MERCANTIL DE VALENCIA S 8 , H V 36795<\/p>\n<p><strong>CONDICIONES DE USO <\/strong><\/p>\n<p><strong><u>USUARIOS<\/u><\/strong><\/p>\n<p>El acceso y\/o uso de este portal de TRANSPORTES LEOPOLDO ROMERO SL atribuye la condici\u00f3n de USUARIO, que acepta, desde dicho acceso y\/o uso, las Condiciones Generales de Uso aqu\u00ed reflejadas. Las citadas Condiciones ser\u00e1n de aplicaci\u00f3n independientemente de las Condiciones Generales de Contrataci\u00f3n que en su caso resulten de obligado cumplimiento.<\/p>\n<p><strong><u>USO DE LA WEB<\/u><\/strong><\/p>\n<p><u>www.lromero.es<\/u> proporciona el acceso a multitud de informaciones, servicios o datos (en adelante, \u201clos contenidos\u201d) en Internet pertenecientes a TRANSPORTES LEOPOLDO ROMERO SL a los que el USUARIO pueda tener acceso. El USUARIO asume la responsabilidad del uso del portal. Dicha responsabilidad se extiende al registro que fuese necesario cumplimentar para acceder a determinados servicios o contenidos.<\/p>\n<p>En dicho registro el USUARIO ser\u00e1 responsable de aportar informaci\u00f3n veraz y l\u00edcita. Como consecuencia de este registro, al USUARIO se le puede proporcionar una contrase\u00f1a de la que ser\u00e1 responsable, comprometi\u00e9ndose a hacer un uso diligente y confidencial de la misma. El USUARIO se compromete a hacer un uso adecuado de los contenidos y servicios (como por ejemplo servicios de chat, foros de discusi\u00f3n o grupos de noticias) que TRANSPORTES LEOPOLDO ROMERO SL ofrece a trav\u00e9s de su portal y con car\u00e1cter enunciativo pero no limitativo, a no emplearlos para (I) incurrir en actividades il\u00edcitas, ilegales o contrarias a la buena fe y al orden p\u00fablico; (II) difundir contenidos o propaganda de car\u00e1cter racista, xen\u00f3fobo, pornogr\u00e1fico-ilegal, de apolog\u00eda del terrorismo o atentatorio contra los derechos humanos; (III) provocar da\u00f1os en los sistemas f\u00edsicos y l\u00f3gicos de TRANSPORTES LEOPOLDO ROMERO SL, de sus proveedores o de terceras personas, introducir o difundir en la red virus inform\u00e1ticos o cualesquiera otros sistemas f\u00edsicos o l\u00f3gicos que sean susceptibles de provocar los da\u00f1os anteriormente mencionados; (IV) intentar acceder y, en su caso, utilizar las cuentas de correo electr\u00f3nico de otros usuarios y modificarlo o manipular sus mensajes. TRANSPORTES LEOPOLDO ROMERO SL se reserva el derecho de retirar todos aquellos comentarios y aportaciones que vulneren el respeto a la dignidad de la persona, que sean discriminatorios, xen\u00f3fobos, racistas, pornogr\u00e1ficos, que atenten contra la juventud o la infancia, el orden o la seguridad p\u00fablica o que, a su juicio, no resultaran adecuados para su publicaci\u00f3n. En cualquier caso, TRANSPORTES LEOPOLDO ROMERO SL no ser\u00e1 responsable de las opiniones vertidas por los usuarios a trav\u00e9s de los foros, chats, u otras herramientas de participaci\u00f3n.<\/p>\n<p><strong><u>PROPIEDAD INTELECTUAL E INDUSTRIAL<\/u><\/strong><\/p>\n<p>TRANSPORTES LEOPOLDO ROMERO SL por s\u00ed o como cesionaria, es titular de todos los derechos de propiedad intelectual e industrial de su p\u00e1gina web, as\u00ed como de los elementos contenidos en la misma (a t\u00edtulo enunciativo, im\u00e1genes, sonido, audio, v\u00eddeo, software o textos; marcas o logotipos, combinaciones de colores, estructura y dise\u00f1o, selecci\u00f3n de materiales usados, programas de ordenador necesarios para su funcionamiento, acceso y uso, etc.), titularidad de TRANSPORTES LEOPOLDO ROMERO SL o bien de sus licenciantes.<\/p>\n<p><strong>Todos los derechos reservados:<\/strong> En virtud de lo dispuesto en los art\u00edculos 8 y 32.1, p\u00e1rrafo segundo, de la Ley de Propiedad Intelectual, quedan expresamente prohibidas la reproducci\u00f3n, la distribuci\u00f3n y la comunicaci\u00f3n p\u00fablica, incluida su modalidad de puesta a disposici\u00f3n, de la totalidad o parte de los contenidos de esta p\u00e1gina web, con fines comerciales, en cualquier soporte y por cualquier medio t\u00e9cnico, sin la autorizaci\u00f3n de TRANSPORTES LEOPOLDO ROMERO SL. El USUARIO se compromete a respetar los derechos de Propiedad Intelectual e Industrial titularidad de TRANSPORTES LEOPOLDO ROMERO SL. Podr\u00e1 visualizar los elementos del portal e incluso imprimirlos, copiarlos y almacenarlos en el disco duro de su ordenador o en cualquier otro soporte f\u00edsico siempre y cuando sea, \u00fanica y exclusivamente, para su uso personal y privado. El USUARIO deber\u00e1 abstenerse de suprimir, alterar, eludir o manipular cualquier dispositivo de protecci\u00f3n o sistema de seguridad que estuviera instalado en las p\u00e1ginas de TRANSPORTES LEOPOLDO ROMERO SL.<\/p>\n<p><strong><u>EXCLUSI\u00d3N DE GARANT\u00cdAS Y RESPONSABILIDAD<\/u><\/strong><\/p>\n<p>TRANSPORTES LEOPOLDO ROMERO SL no se hace responsable, en ning\u00fan caso, de los da\u00f1os y perjuicios de cualquier naturaleza que pudiera ocasionar, a t\u00edtulo enunciativo: errores u omisiones en los contenidos, falta de disponibilidad del portal o la transmisi\u00f3n de virus o programas maliciosos o lesivos en los contenidos, a pesar de haber adoptado todas las medidas tecnol\u00f3gicas necesarias para evitarlo.<\/p>\n<p><strong><u>MODIFICACIONES<\/u><\/strong><\/p>\n<p>TRANSPORTES LEOPOLDO ROMERO SL se reserva el derecho de efectuar sin previo aviso las modificaciones que considere oportunas en su portal, pudiendo cambiar, suprimir o a\u00f1adir tanto los contenidos y servicios que se presten a trav\u00e9s de esta como la forma en la que \u00e9stos aparezcan presentados o localizados en su portal.<\/p>\n<p><strong><u>ENLACES<\/u><\/strong><\/p>\n<p>En el caso de que en <u>www.lromero.es<\/u> se dispusiesen enlaces o hiperv\u00ednculos hac\u00eda otros sitios de Internet, TRANSPORTES LEOPOLDO ROMERO SL no ejercer\u00e1 ning\u00fan tipo de control sobre dichos sitios y contenidos. En ning\u00fan caso TRANSPORTES LEOPOLDO ROMERO SL asumir\u00e1 responsabilidad alguna por los contenidos de alg\u00fan enlace perteneciente a un sitio web ajeno, ni garantizar\u00e1 la disponibilidad t\u00e9cnica, calidad, fiabilidad, exactitud, amplitud, veracidad, validez y constitucionalidad de cualquier material o informaci\u00f3n contenida en ninguno de dichos hiperv\u00ednculos u otros sitios de Internet.<\/p>\n<p>Igualmente, la inclusi\u00f3n de estas conexiones externas no implicar\u00e1 ning\u00fan tipo de asociaci\u00f3n, fusi\u00f3n o participaci\u00f3n con las entidades conectadas.<\/p>\n<p><strong><u>DERECHO DE EXCLUSI\u00d3N<\/u><\/strong><\/p>\n<p>TRANSPORTES LEOPOLDO ROMERO SL se reserva el derecho a denegar o retirar el acceso a portal y\/o los servicios ofrecidos sin necesidad de preaviso, a instancia propia o de un tercero, a aquellos usuarios que incumplan las presentes Condiciones Generales de Uso.<\/p>\n<p><strong><u>GENERALIDADES<\/u><\/strong><\/p>\n<p>TRANSPORTES LEOPOLDO ROMERO SL perseguir\u00e1 el incumplimiento de las presentes condiciones, as\u00ed como cualquier utilizaci\u00f3n indebida de su portal ejerciendo todas las acciones civiles y penales que le puedan corresponder en derecho.<\/p>\n<p><strong><u>MODIFICACI\u00d3N DE LAS PRESENTES CONDICIONES Y DURACI\u00d3N<\/u><\/strong><\/p>\n<p>TRANSPORTES LEOPOLDO ROMERO SL podr\u00e1 modificar en cualquier momento las condiciones aqu\u00ed determinadas, siendo debidamente publicadas como aqu\u00ed aparecen.<\/p>\n<p>La vigencia de las citadas condiciones ir\u00e1 en funci\u00f3n de su exposici\u00f3n y estar\u00e1n vigentes hasta que sean modificadas por otras debidamente publicadas.<\/p>\n<p><strong><u>LEGISLACI\u00d3N APLICABLE Y JURISDICCI\u00d3N<\/u><\/strong><\/p>\n<p>Los t\u00e9rminos y condiciones que rigen este web site, as\u00ed como las relaciones que pudieran derivarse est\u00e1n protegidas y quedan sujetas a la legislaci\u00f3n espa\u00f1ola. Para la resoluci\u00f3n de cualquier tipo de controversia, litigio o discrepancia que pudiera suscitarse entre el USUARIO y TRANSPORTES LEOPOLDO ROMERO SL por el uso de este sitio web, se acuerda el sometimiento de estas a los Juzgados y Tribunales de VALENCIA, Espa\u00f1a.<\/p>\n<p>\u00a0<\/p>\n<p><em>\u00daltima Actualizaci\u00f3n<\/em><em>: 5 DE DICIEMBRE DE 2025<\/em><\/p>\t\t\t\t\t\t\t\t<\/div>\n\t\t\t\t\t<\/div>\n\t\t\t\t<\/div>\n\t\t\t\t<\/div>\n\t\t","protected":false},"excerpt":{"rendered":"<p>AVISO LEGAL El hecho de acceder a este sitio web implica el conocimiento y aceptaci\u00f3n de los siguientes t\u00e9rminos y condiciones y atribuye la condici\u00f3n de usuario de la web y el acceso al mismo implica su aceptaci\u00f3n sin reservas. En caso de no aceptar las cl\u00e1usulas establecidas en el presente Aviso Legal, el usuario [&hellip;]<\/p>\n","protected":false},"author":1,"featured_media":0,"parent":0,"menu_order":0,"comment_status":"closed","ping_status":"closed","template":"elementor_header_footer","meta":{"footnotes":""},"class_list":["post-2","page","type-page","status-publish","hentry"],"rttpg_featured_image_url":null,"rttpg_author":{"display_name":"admin","author_link":"https:\/\/e6.servicios-empresa.com\/index.php\/author\/vicentegaldon_pcwny9eu\/"},"rttpg_comment":0,"rttpg_category":null,"rttpg_excerpt":"AVISO LEGAL El hecho de acceder a este sitio web implica el conocimiento y aceptaci\u00f3n de los siguientes t\u00e9rminos y condiciones y atribuye la condici\u00f3n de usuario de la web y el acceso al mismo implica su aceptaci\u00f3n sin reservas. En caso de no aceptar las cl\u00e1usulas establecidas en el presente Aviso Legal, el usuario&hellip;","_links":{"self":[{"href":"https:\/\/e6.servicios-empresa.com\/index.php\/wp-json\/wp\/v2\/pages\/2","targetHints":{"allow":["GET"]}}],"collection":[{"href":"https:\/\/e6.servicios-empresa.com\/index.php\/wp-json\/wp\/v2\/pages"}],"about":[{"href":"https:\/\/e6.servicios-empresa.com\/index.php\/wp-json\/wp\/v2\/types\/page"}],"author":[{"embeddable":true,"href":"https:\/\/e6.servicios-empresa.com\/index.php\/wp-json\/wp\/v2\/users\/1"}],"replies":[{"embeddable":true,"href":"https:\/\/e6.servicios-empresa.com\/index.php\/wp-json\/wp\/v2\/comments?post=2"}],"version-history":[{"count":4,"href":"https:\/\/e6.servicios-empresa.com\/index.php\/wp-json\/wp\/v2\/pages\/2\/revisions"}],"predecessor-version":[{"id":4964,"href":"https:\/\/e6.servicios-empresa.com\/index.php\/wp-json\/wp\/v2\/pages\/2\/revisions\/4964"}],"wp:attachment":[{"href":"https:\/\/e6.servicios-empresa.com\/index.php\/wp-json\/wp\/v2\/media?parent=2"}],"curies":[{"name":"wp","href":"https:\/\/api.w.org\/{rel}","templated":true}]}}