{"id":213,"date":"2021-11-19T07:19:24","date_gmt":"2021-11-19T07:19:24","guid":{"rendered":"https:\/\/e6.servicios-empresa.com\/?page_id=213"},"modified":"2025-12-03T17:23:59","modified_gmt":"2025-12-03T17:23:59","slug":"nuestra-politica","status":"publish","type":"page","link":"https:\/\/e6.servicios-empresa.com\/index.php\/nuestra-politica\/","title":{"rendered":"Nuestra Pol\u00edtica"},"content":{"rendered":"\t\t<div data-elementor-type=\"wp-page\" data-elementor-id=\"213\" class=\"elementor elementor-213\">\n\t\t\t\t\t\t<section class=\"elementor-section elementor-top-section elementor-element elementor-element-3303662 elementor-section-boxed elementor-section-height-default elementor-section-height-default\" data-id=\"3303662\" data-element_type=\"section\" data-settings=\"{&quot;background_background&quot;:&quot;classic&quot;}\">\n\t\t\t\t\t\t<div class=\"elementor-container elementor-column-gap-default\">\n\t\t\t\t\t<div class=\"elementor-column elementor-col-50 elementor-top-column elementor-element elementor-element-e759c36\" data-id=\"e759c36\" data-element_type=\"column\">\n\t\t\t<div class=\"elementor-widget-wrap elementor-element-populated\">\n\t\t\t\t\t\t<div class=\"elementor-element elementor-element-2b9c04c elementor-widget elementor-widget-transflash_elementor_heading\" data-id=\"2b9c04c\" data-element_type=\"widget\" data-widget_type=\"transflash_elementor_heading.default\">\n\t\t\t\t<div class=\"elementor-widget-container\">\n\t\t\t\t\t\n\t\t    <div class=\"ova-heading\">\n\t\t \t   <h2 class=\"title\">\t\t\t\t\t\t\t\t\t\t\tNuestra Pol\u00edtica\t\t\t\t\t\t\t\t\t<\/h2>\n\t\t\t\t\t\t    <\/div>\n\n         \t\t\t\t<\/div>\n\t\t\t\t<\/div>\n\t\t\t\t\t<\/div>\n\t\t<\/div>\n\t\t\t\t<div class=\"elementor-column elementor-col-50 elementor-top-column elementor-element elementor-element-2129b5e\" data-id=\"2129b5e\" data-element_type=\"column\">\n\t\t\t<div class=\"elementor-widget-wrap elementor-element-populated\">\n\t\t\t\t\t\t<div class=\"elementor-element elementor-element-781df21 elementor-widget elementor-widget-text-editor\" data-id=\"781df21\" data-element_type=\"widget\" data-widget_type=\"text-editor.default\">\n\t\t\t\t\t\t\t\t\t<p style=\"color:#000;\" data-start=\"65\" data-end=\"577\">\n    <strong style=\"color:#000;\" data-start=\"65\" data-end=\"109\">Como prestadores de servicios log\u00edsticos<\/strong>, buscamos la \n    <strong style=\"color:#000;\" data-start=\"123\" data-end=\"160\">satisfacci\u00f3n de nuestros clientes<\/strong> cumpliendo con \n    <strong style=\"color:#000;\" data-start=\"176\" data-end=\"196\">altos est\u00e1ndares<\/strong> en cada actividad de transporte y log\u00edstica.<br data-start=\"241\" data-end=\"244\" data-is-only-node=\"\" \/>\n    Por tanto, desde <strong style=\"color:#000;\" data-start=\"261\" data-end=\"286\">LEOPOLDO ROMERO, S.L.<\/strong> asumimos el reto de \n    <strong style=\"color:#000;\" data-start=\"307\" data-end=\"378\">mantener y mejorar la seguridad y la salud de nuestros trabajadores<\/strong>, la \n    <strong style=\"color:#000;\" data-start=\"383\" data-end=\"416\">protecci\u00f3n del medio ambiente<\/strong> y la \n    <strong style=\"color:#000;\" data-start=\"422\" data-end=\"467\">seguridad de las mercanc\u00edas transportadas<\/strong>, manteni\u00e9ndonos a la vanguardia para mejorar las operaciones y servicios; por lo que \n    <strong style=\"color:#000;\" data-start=\"553\" data-end=\"576\">nos comprometemos a<\/strong>:\n<\/p>\n\n<ul style=\"color:#000;\" data-start=\"579\" data-end=\"1551\">\n    <li data-start=\"579\" data-end=\"927\">\n        <p style=\"color:#000;\" data-start=\"581\" data-end=\"927\">\n            <strong style=\"color:#000;\" data-start=\"581\" data-end=\"618\">Prestar un servicio de transporte<\/strong> de cargas de mercanc\u00eda, productos perecederos bajo temperatura controlada, cargas pesadas, cargas especiales, insumos qu\u00edmicos y materiales peligrosos, manteniendo los \n            <strong style=\"color:#000;\" data-start=\"787\" data-end=\"814\">par\u00e1metros de seguridad<\/strong> con garant\u00eda y eficacia para el bienestar de nuestros trabajadores, clientes, comunidades y grupos de inter\u00e9s.\n        <\/p>\n    <\/li>\n    <li data-start=\"928\" data-end=\"1068\">\n        <p style=\"color:#000;\" data-start=\"930\" data-end=\"1068\">\n            <strong style=\"color:#000;\" data-start=\"930\" data-end=\"983\">Proveer un ambiente de trabajo seguro y saludable<\/strong> para nuestros trabajadores, controlando los riesgos en todas nuestras actividades.\n        <\/p>\n    <\/li>\n    <li data-start=\"1069\" data-end=\"1235\">\n        <p style=\"color:#000;\" data-start=\"1071\" data-end=\"1235\">\n            <strong style=\"color:#000;\" data-start=\"1071\" data-end=\"1107\">Fomentar la cultura de seguridad<\/strong>, basada en la \n            <strong style=\"color:#000;\" data-start=\"1122\" data-end=\"1147\">prevenci\u00f3n de riesgos<\/strong> y en la adopci\u00f3n de un \n            <strong style=\"color:#000;\" data-start=\"1171\" data-end=\"1201\">comportamiento responsable<\/strong> para alcanzar nuevos objetivos.\n        <\/p>\n    <\/li>\n    <li data-start=\"1236\" data-end=\"1417\">\n        <p style=\"color:#000;\" data-start=\"1238\" data-end=\"1417\">\n            <strong style=\"color:#000;\" data-start=\"1238\" data-end=\"1304\">Respetar y cumplir las leyes, normas y regulaciones aplicables<\/strong>, nacionales e internacionales, as\u00ed como las normas de nuestros clientes para garantizar un servicio eficiente.\n        <\/p>\n    <\/li>\n    <li data-start=\"1418\" data-end=\"1551\">\n        <p style=\"color:#000;\" data-start=\"1420\" data-end=\"1551\">\n            <strong style=\"color:#000;\" data-start=\"1420\" data-end=\"1477\">Promover la formaci\u00f3n, capacitaci\u00f3n y sensibilizaci\u00f3n<\/strong> de nuestro personal para un adecuado y eficaz desempe\u00f1o de sus labores.\n        <\/p>\n    <\/li>\n<\/ul>\n\n<p style=\"color:#000;\" data-start=\"1553\" data-end=\"1661\" data-is-last-node=\"\" data-is-only-node=\"\">\n    Esta pol\u00edtica es difundida a todo el personal de \n    <strong style=\"color:#000;\" data-start=\"1602\" data-end=\"1627\">LEOPOLDO ROMERO, S.L.<\/strong> y a todas las partes interesadas.\n<\/p>\t\t\t\t\t\t\t\t<\/div>\n\t\t\t\t\t<\/div>\n\t\t<\/div>\n\t\t\t\t\t<\/div>\n\t\t<\/section>\n\t\t\t\t<\/div>\n\t\t","protected":false},"excerpt":{"rendered":"<p>Nuestra Pol\u00edtica Como prestadores de servicios log\u00edsticos, buscamos la satisfacci\u00f3n de nuestros clientes cumpliendo con altos est\u00e1ndares en cada actividad de transporte y log\u00edstica. Por tanto, desde LEOPOLDO ROMERO, S.L. asumimos el reto de mantener y mejorar la seguridad y la salud de nuestros trabajadores, la protecci\u00f3n del medio ambiente y la seguridad de las [&hellip;]<\/p>\n","protected":false},"author":1,"featured_media":1927,"parent":0,"menu_order":0,"comment_status":"closed","ping_status":"closed","template":"elementor_header_footer","meta":{"footnotes":""},"class_list":["post-213","page","type-page","status-publish","has-post-thumbnail","hentry"],"rttpg_featured_image_url":{"full":["https:\/\/e6.servicios-empresa.com\/wp-content\/uploads\/2021\/12\/header-banner-our-client.jpg",1920,362,false],"landscape":["https:\/\/e6.servicios-empresa.com\/wp-content\/uploads\/2021\/12\/header-banner-our-client.jpg",1920,362,false],"portraits":["https:\/\/e6.servicios-empresa.com\/wp-content\/uploads\/2021\/12\/header-banner-our-client.jpg",1920,362,false],"thumbnail":["https:\/\/e6.servicios-empresa.com\/wp-content\/uploads\/2021\/12\/header-banner-our-client-150x150.jpg",150,150,true],"medium":["https:\/\/e6.servicios-empresa.com\/wp-content\/uploads\/2021\/12\/header-banner-our-client-300x57.jpg",300,57,true],"large":["https:\/\/e6.servicios-empresa.com\/wp-content\/uploads\/2021\/12\/header-banner-our-client-1024x193.jpg",800,151,true],"team_square":["https:\/\/e6.servicios-empresa.com\/wp-content\/uploads\/2021\/12\/header-banner-our-client-300x300.jpg",300,300,true],"team_small":["https:\/\/e6.servicios-empresa.com\/wp-content\/uploads\/2021\/12\/header-banner-our-client-300x250.jpg",300,250,true],"1536x1536":["https:\/\/e6.servicios-empresa.com\/wp-content\/uploads\/2021\/12\/header-banner-our-client-1536x290.jpg",1536,290,true],"2048x2048":["https:\/\/e6.servicios-empresa.com\/wp-content\/uploads\/2021\/12\/header-banner-our-client.jpg",1920,362,false],"transflash_thumbnail":["https:\/\/e6.servicios-empresa.com\/wp-content\/uploads\/2021\/12\/header-banner-our-client-768x362.jpg",768,362,true],"transflash_square":["https:\/\/e6.servicios-empresa.com\/wp-content\/uploads\/2021\/12\/header-banner-our-client-410x362.jpg",410,362,true],"transflash_modern":["https:\/\/e6.servicios-empresa.com\/wp-content\/uploads\/2021\/12\/header-banner-our-client-400x362.jpg",400,362,true]},"rttpg_author":{"display_name":"admin","author_link":"https:\/\/e6.servicios-empresa.com\/index.php\/author\/vicentegaldon_pcwny9eu\/"},"rttpg_comment":0,"rttpg_category":null,"rttpg_excerpt":"Nuestra Pol\u00edtica Como prestadores de servicios log\u00edsticos, buscamos la satisfacci\u00f3n de nuestros clientes cumpliendo con altos est\u00e1ndares en cada actividad de transporte y log\u00edstica. Por tanto, desde LEOPOLDO ROMERO, S.L. asumimos el reto de mantener y mejorar la seguridad y la salud de nuestros trabajadores, la protecci\u00f3n del medio ambiente y la seguridad de las&hellip;","_links":{"self":[{"href":"https:\/\/e6.servicios-empresa.com\/index.php\/wp-json\/wp\/v2\/pages\/213","targetHints":{"allow":["GET"]}}],"collection":[{"href":"https:\/\/e6.servicios-empresa.com\/index.php\/wp-json\/wp\/v2\/pages"}],"about":[{"href":"https:\/\/e6.servicios-empresa.com\/index.php\/wp-json\/wp\/v2\/types\/page"}],"author":[{"embeddable":true,"href":"https:\/\/e6.servicios-empresa.com\/index.php\/wp-json\/wp\/v2\/users\/1"}],"replies":[{"embeddable":true,"href":"https:\/\/e6.servicios-empresa.com\/index.php\/wp-json\/wp\/v2\/comments?post=213"}],"version-history":[{"count":5,"href":"https:\/\/e6.servicios-empresa.com\/index.php\/wp-json\/wp\/v2\/pages\/213\/revisions"}],"predecessor-version":[{"id":4945,"href":"https:\/\/e6.servicios-empresa.com\/index.php\/wp-json\/wp\/v2\/pages\/213\/revisions\/4945"}],"wp:featuredmedia":[{"embeddable":true,"href":"https:\/\/e6.servicios-empresa.com\/index.php\/wp-json\/wp\/v2\/media\/1927"}],"wp:attachment":[{"href":"https:\/\/e6.servicios-empresa.com\/index.php\/wp-json\/wp\/v2\/media?parent=213"}],"curies":[{"name":"wp","href":"https:\/\/api.w.org\/{rel}","templated":true}]}}