{"id":752,"date":"2021-12-01T02:20:52","date_gmt":"2021-12-01T02:20:52","guid":{"rendered":"https:\/\/e6.servicios-empresa.com\/?page_id=752"},"modified":"2025-12-16T18:59:33","modified_gmt":"2025-12-16T18:59:33","slug":"service","status":"publish","type":"page","link":"https:\/\/e6.servicios-empresa.com\/index.php\/service\/","title":{"rendered":"Servicios"},"content":{"rendered":"\t\t<div data-elementor-type=\"wp-page\" data-elementor-id=\"752\" class=\"elementor elementor-752\">\n\t\t\t\t\t\t<section class=\"elementor-section elementor-top-section elementor-element elementor-element-5c21dc4 elementor-section-boxed elementor-section-height-default elementor-section-height-default\" data-id=\"5c21dc4\" data-element_type=\"section\" data-settings=\"{&quot;background_background&quot;:&quot;classic&quot;}\">\n\t\t\t\t\t\t<div class=\"elementor-container elementor-column-gap-no\">\n\t\t\t\t\t<div class=\"elementor-column elementor-col-100 elementor-top-column elementor-element elementor-element-e5f9b14\" data-id=\"e5f9b14\" data-element_type=\"column\">\n\t\t\t<div class=\"elementor-widget-wrap elementor-element-populated\">\n\t\t\t\t\t\t<section class=\"elementor-section elementor-inner-section elementor-element elementor-element-9d330e4 elementor-section-boxed elementor-section-height-default elementor-section-height-default\" data-id=\"9d330e4\" data-element_type=\"section\">\n\t\t\t\t\t\t<div class=\"elementor-container elementor-column-gap-default\">\n\t\t\t\t\t<div class=\"elementor-column elementor-col-50 elementor-inner-column elementor-element elementor-element-2991c4a\" data-id=\"2991c4a\" data-element_type=\"column\">\n\t\t\t<div class=\"elementor-widget-wrap elementor-element-populated\">\n\t\t\t\t\t\t<div class=\"elementor-element elementor-element-673873f elementor-widget elementor-widget-transflash_elementor_heading\" data-id=\"673873f\" data-element_type=\"widget\" data-widget_type=\"transflash_elementor_heading.default\">\n\t\t\t\t<div class=\"elementor-widget-container\">\n\t\t\t\t\t\n\t\t    <div class=\"ova-heading\">\n\t\t \t   <h2 class=\"title\">\t\t\t\t\t\t\t\t\t\t\t\u00bfQu\u00e9 Ofrecemos?\t\t\t\t\t\t\t\t\t<\/h2>\n\t\t\t\t\t\t    <\/div>\n\n         \t\t\t\t<\/div>\n\t\t\t\t<\/div>\n\t\t\t\t\t<\/div>\n\t\t<\/div>\n\t\t\t\t<div class=\"elementor-column elementor-col-50 elementor-inner-column elementor-element elementor-element-90dcbc4\" data-id=\"90dcbc4\" data-element_type=\"column\">\n\t\t\t<div class=\"elementor-widget-wrap elementor-element-populated\">\n\t\t\t\t\t\t<div class=\"elementor-element elementor-element-1a6d68b elementor-widget elementor-widget-text-editor\" data-id=\"1a6d68b\" data-element_type=\"widget\" data-widget_type=\"text-editor.default\">\n\t\t\t\t\t\t\t\t\t<p>Un servicio de calidad, reconocido y avalado, bajo las exigencias y especificaciones t\u00e9cnicas de las certificaciones obtenidas por nuestra compa\u00f1\u00eda, las cuales transmiten la certeza de que sus clientes trabajan con una compa\u00f1\u00eda comprometida con toda la Uni\u00f3n Europea.<\/p>\t\t\t\t\t\t\t\t<\/div>\n\t\t\t\t\t<\/div>\n\t\t<\/div>\n\t\t\t\t\t<\/div>\n\t\t<\/section>\n\t\t\t\t<div class=\"elementor-element elementor-element-670474c elementor-widget elementor-widget-ova_archive_sev\" data-id=\"670474c\" data-element_type=\"widget\" data-widget_type=\"ova_archive_sev.default\">\n\t\t\t\t<div class=\"elementor-widget-container\">\n\t\t\t\t\t\n\n<div class=\"archive_sev\">\n\t\t\t\n\t<div class=\"content three_column\">\n\n\t\t\n\t\t\t\n\t\t\t<div class=\"item-service\">\n\n\t\t\t\t<div class=\"img\">\n\t\t\t\t\t\n\t\t\t\t\t<!-- Avata -->\n\t\t\t\t    <a href=\"https:\/\/e6.servicios-empresa.com\/index.php\/ova_sev\/reefer\/\" >\n\t\t\t\t    \t\n\t\t\t\t    \t<img decoding=\"async\" src=\"https:\/\/e6.servicios-empresa.com\/wp-content\/uploads\/2025\/12\/reefer-1-1.jpeg\" class=\"img-responsive service-img\" alt=\"REEFER\">\n\t\t\t\t\t\t<div class=\"mask\"><\/div>\n\t\t\t\t\t<\/a>\n\n\t\t\t\t<\/div>\n\n\t\t\t\t<!-- Info -->\n\t\t\t\t<div class=\"info\">\n\t\t\t\t\t\n\t\t\t\t\t<h2 class=\"name\">\n\t\t\t\t\t\t<a href=\"https:\/\/e6.servicios-empresa.com\/index.php\/ova_sev\/reefer\/\" >\n\t\t\t\t\t\t\tREEFER\t\t\t\t\t\t<\/a>\n\t\t\t\t\t<\/h2>\n\n\t\t\t\t<\/div>\n\n\t\t\t\t                \t<div class=\"service-icon\">\n                    \t<i class=\"ovaicon ovaicon-plus\"><\/i>\n                    <\/div>\n                \t\t\t\t\n\t\t\t<\/div>\n\n\t\t\t\n\n\t\t\n\t\t\t\n\t\t\t<div class=\"item-service\">\n\n\t\t\t\t<div class=\"img\">\n\t\t\t\t\t\n\t\t\t\t\t<!-- Avata -->\n\t\t\t\t    <a href=\"https:\/\/e6.servicios-empresa.com\/index.php\/ova_sev\/adr\/\" >\n\t\t\t\t    \t\n\t\t\t\t    \t<img decoding=\"async\" src=\"https:\/\/e6.servicios-empresa.com\/wp-content\/uploads\/2025\/12\/que-es-el-carnet-adr-academiadeltransportista-1.jpg\" class=\"img-responsive service-img\" alt=\"ADR\">\n\t\t\t\t\t\t<div class=\"mask\"><\/div>\n\t\t\t\t\t<\/a>\n\n\t\t\t\t<\/div>\n\n\t\t\t\t<!-- Info -->\n\t\t\t\t<div class=\"info\">\n\t\t\t\t\t\n\t\t\t\t\t<h2 class=\"name\">\n\t\t\t\t\t\t<a href=\"https:\/\/e6.servicios-empresa.com\/index.php\/ova_sev\/adr\/\" >\n\t\t\t\t\t\t\tADR\t\t\t\t\t\t<\/a>\n\t\t\t\t\t<\/h2>\n\n\t\t\t\t<\/div>\n\n\t\t\t\t                \t<div class=\"service-icon\">\n                    \t<i class=\"ovaicon ovaicon-plus\"><\/i>\n                    <\/div>\n                \t\t\t\t\n\t\t\t<\/div>\n\n\t\t\t\n\n\t\t\n\t\t\t\n\t\t\t<div class=\"item-service\">\n\n\t\t\t\t<div class=\"img\">\n\t\t\t\t\t\n\t\t\t\t\t<!-- Avata -->\n\t\t\t\t    <a href=\"https:\/\/e6.servicios-empresa.com\/index.php\/ova_sev\/basculantes\/\" >\n\t\t\t\t    \t\n\t\t\t\t    \t<img decoding=\"async\" src=\"https:\/\/e6.servicios-empresa.com\/wp-content\/uploads\/2025\/12\/gallery_tellone_1_840x640-1-1.webp\" class=\"img-responsive service-img\" alt=\"BASCULANTES\">\n\t\t\t\t\t\t<div class=\"mask\"><\/div>\n\t\t\t\t\t<\/a>\n\n\t\t\t\t<\/div>\n\n\t\t\t\t<!-- Info -->\n\t\t\t\t<div class=\"info\">\n\t\t\t\t\t\n\t\t\t\t\t<h2 class=\"name\">\n\t\t\t\t\t\t<a href=\"https:\/\/e6.servicios-empresa.com\/index.php\/ova_sev\/basculantes\/\" >\n\t\t\t\t\t\t\tBASCULANTES\t\t\t\t\t\t<\/a>\n\t\t\t\t\t<\/h2>\n\n\t\t\t\t<\/div>\n\n\t\t\t\t                \t<div class=\"service-icon\">\n                    \t<i class=\"ovaicon ovaicon-plus\"><\/i>\n                    <\/div>\n                \t\t\t\t\n\t\t\t<\/div>\n\n\t\t\t\n\n\t\t\n\t\t\t\n\t\t\t<div class=\"item-service\">\n\n\t\t\t\t<div class=\"img\">\n\t\t\t\t\t\n\t\t\t\t\t<!-- Avata -->\n\t\t\t\t    <a href=\"https:\/\/e6.servicios-empresa.com\/index.php\/ova_sev\/especial-peso-volumen\/\" >\n\t\t\t\t    \t\n\t\t\t\t    \t<img decoding=\"async\" src=\"https:\/\/e6.servicios-empresa.com\/wp-content\/uploads\/2025\/12\/e41e6e43360ec9659e3e630bd7e8c56a_XL-1.jpg\" class=\"img-responsive service-img\" alt=\"ESPECIAL PESO\/VOLUMEN\">\n\t\t\t\t\t\t<div class=\"mask\"><\/div>\n\t\t\t\t\t<\/a>\n\n\t\t\t\t<\/div>\n\n\t\t\t\t<!-- Info -->\n\t\t\t\t<div class=\"info\">\n\t\t\t\t\t\n\t\t\t\t\t<h2 class=\"name\">\n\t\t\t\t\t\t<a href=\"https:\/\/e6.servicios-empresa.com\/index.php\/ova_sev\/especial-peso-volumen\/\" >\n\t\t\t\t\t\t\tESPECIAL PESO\/VOLUMEN\t\t\t\t\t\t<\/a>\n\t\t\t\t\t<\/h2>\n\n\t\t\t\t<\/div>\n\n\t\t\t\t                \t<div class=\"service-icon\">\n                    \t<i class=\"ovaicon ovaicon-plus\"><\/i>\n                    <\/div>\n                \t\t\t\t\n\t\t\t<\/div>\n\n\t\t\t\n\n\t\t\n\t\t\t\n\t\t\t<div class=\"item-service\">\n\n\t\t\t\t<div class=\"img\">\n\t\t\t\t\t\n\t\t\t\t\t<!-- Avata -->\n\t\t\t\t    <a href=\"https:\/\/e6.servicios-empresa.com\/index.php\/ova_sev\/mercancia-alto-valor\/\" >\n\t\t\t\t    \t\n\t\t\t\t    \t<img decoding=\"async\" src=\"https:\/\/e6.servicios-empresa.com\/wp-content\/uploads\/2025\/12\/Transporte-de-mercancias-de-alto-valor-en-la-carretera-Desafios-y-requisitos-1.jpg\" class=\"img-responsive service-img\" alt=\"MERCANCIA ALTO VALOR\">\n\t\t\t\t\t\t<div class=\"mask\"><\/div>\n\t\t\t\t\t<\/a>\n\n\t\t\t\t<\/div>\n\n\t\t\t\t<!-- Info -->\n\t\t\t\t<div class=\"info\">\n\t\t\t\t\t\n\t\t\t\t\t<h2 class=\"name\">\n\t\t\t\t\t\t<a href=\"https:\/\/e6.servicios-empresa.com\/index.php\/ova_sev\/mercancia-alto-valor\/\" >\n\t\t\t\t\t\t\tMERCANCIA ALTO VALOR\t\t\t\t\t\t<\/a>\n\t\t\t\t\t<\/h2>\n\n\t\t\t\t<\/div>\n\n\t\t\t\t                \t<div class=\"service-icon\">\n                    \t<i class=\"ovaicon ovaicon-plus\"><\/i>\n                    <\/div>\n                \t\t\t\t\n\t\t\t<\/div>\n\n\t\t\t\n\n\t\t\n\t\t\t\n\t\t\t<div class=\"item-service\">\n\n\t\t\t\t<div class=\"img\">\n\t\t\t\t\t\n\t\t\t\t\t<!-- Avata -->\n\t\t\t\t    <a href=\"https:\/\/e6.servicios-empresa.com\/index.php\/ova_sev\/tte-global\/\" >\n\t\t\t\t    \t\n\t\t\t\t    \t<img decoding=\"async\" src=\"https:\/\/e6.servicios-empresa.com\/wp-content\/uploads\/2025\/12\/Transporte-internacional-de-mercancias-por-carretera-1-1.jpg\" class=\"img-responsive service-img\" alt=\"TTE GLOBAL\">\n\t\t\t\t\t\t<div class=\"mask\"><\/div>\n\t\t\t\t\t<\/a>\n\n\t\t\t\t<\/div>\n\n\t\t\t\t<!-- Info -->\n\t\t\t\t<div class=\"info\">\n\t\t\t\t\t\n\t\t\t\t\t<h2 class=\"name\">\n\t\t\t\t\t\t<a href=\"https:\/\/e6.servicios-empresa.com\/index.php\/ova_sev\/tte-global\/\" >\n\t\t\t\t\t\t\tTTE GLOBAL\t\t\t\t\t\t<\/a>\n\t\t\t\t\t<\/h2>\n\n\t\t\t\t<\/div>\n\n\t\t\t\t                \t<div class=\"service-icon\">\n                    \t<i class=\"ovaicon ovaicon-plus\"><\/i>\n                    <\/div>\n                \t\t\t\t\n\t\t\t<\/div>\n\n\t\t\t\n\n\t\t\n\t\t\t\n\t\t\t<div class=\"item-service\">\n\n\t\t\t\t<div class=\"img\">\n\t\t\t\t\t\n\t\t\t\t\t<!-- Avata -->\n\t\t\t\t    <a href=\"https:\/\/e6.servicios-empresa.com\/index.php\/ova_sev\/localizacion-vehiculos\/\" >\n\t\t\t\t    \t\n\t\t\t\t    \t<img decoding=\"async\" src=\"https:\/\/e6.servicios-empresa.com\/wp-content\/uploads\/2025\/12\/371-1662028701-1400x1400-1.jpg\" class=\"img-responsive service-img\" alt=\"LOCALIZACION VEHICULOS\">\n\t\t\t\t\t\t<div class=\"mask\"><\/div>\n\t\t\t\t\t<\/a>\n\n\t\t\t\t<\/div>\n\n\t\t\t\t<!-- Info -->\n\t\t\t\t<div class=\"info\">\n\t\t\t\t\t\n\t\t\t\t\t<h2 class=\"name\">\n\t\t\t\t\t\t<a href=\"https:\/\/e6.servicios-empresa.com\/index.php\/ova_sev\/localizacion-vehiculos\/\" >\n\t\t\t\t\t\t\tLOCALIZACION VEHICULOS\t\t\t\t\t\t<\/a>\n\t\t\t\t\t<\/h2>\n\n\t\t\t\t<\/div>\n\n\t\t\t\t                \t<div class=\"service-icon\">\n                    \t<i class=\"ovaicon ovaicon-plus\"><\/i>\n                    <\/div>\n                \t\t\t\t\n\t\t\t<\/div>\n\n\t\t\t\n\n\t\t\n\t\t\t\n\t\t\t<div class=\"item-service\">\n\n\t\t\t\t<div class=\"img\">\n\t\t\t\t\t\n\t\t\t\t\t<!-- Avata -->\n\t\t\t\t    <a href=\"https:\/\/e6.servicios-empresa.com\/index.php\/ova_sev\/parking\/\" >\n\t\t\t\t    \t\n\t\t\t\t    \t<img decoding=\"async\" src=\"https:\/\/e6.servicios-empresa.com\/wp-content\/uploads\/2025\/12\/25f0f00a87c3c818aa0d3bc11b6dbc4a_XL.jpg\" class=\"img-responsive service-img\" alt=\"PARKING\">\n\t\t\t\t\t\t<div class=\"mask\"><\/div>\n\t\t\t\t\t<\/a>\n\n\t\t\t\t<\/div>\n\n\t\t\t\t<!-- Info -->\n\t\t\t\t<div class=\"info\">\n\t\t\t\t\t\n\t\t\t\t\t<h2 class=\"name\">\n\t\t\t\t\t\t<a href=\"https:\/\/e6.servicios-empresa.com\/index.php\/ova_sev\/parking\/\" >\n\t\t\t\t\t\t\tPARKING\t\t\t\t\t\t<\/a>\n\t\t\t\t\t<\/h2>\n\n\t\t\t\t<\/div>\n\n\t\t\t\t                \t<div class=\"service-icon\">\n                    \t<i class=\"ovaicon ovaicon-plus\"><\/i>\n                    <\/div>\n                \t\t\t\t\n\t\t\t<\/div>\n\n\t\t\t\n\n\t\t\n\t\t\t\n\t\t\t<div class=\"item-service\">\n\n\t\t\t\t<div class=\"img\">\n\t\t\t\t\t\n\t\t\t\t\t<!-- Avata -->\n\t\t\t\t    <a href=\"https:\/\/e6.servicios-empresa.com\/index.php\/ova_sev\/bases-de-contenedores\/\" >\n\t\t\t\t    \t\n\t\t\t\t    \t<img decoding=\"async\" src=\"https:\/\/e6.servicios-empresa.com\/wp-content\/uploads\/2025\/12\/40ft-20ft-skeleton-container-trailer69609d5a-fbe0-4eb5-a7c5-207fbffdac71-1.webp\" class=\"img-responsive service-img\" alt=\"BASES DE CONTENEDORES\">\n\t\t\t\t\t\t<div class=\"mask\"><\/div>\n\t\t\t\t\t<\/a>\n\n\t\t\t\t<\/div>\n\n\t\t\t\t<!-- Info -->\n\t\t\t\t<div class=\"info\">\n\t\t\t\t\t\n\t\t\t\t\t<h2 class=\"name\">\n\t\t\t\t\t\t<a href=\"https:\/\/e6.servicios-empresa.com\/index.php\/ova_sev\/bases-de-contenedores\/\" >\n\t\t\t\t\t\t\tBASES DE CONTENEDORES\t\t\t\t\t\t<\/a>\n\t\t\t\t\t<\/h2>\n\n\t\t\t\t<\/div>\n\n\t\t\t\t                \t<div class=\"service-icon\">\n                    \t<i class=\"ovaicon ovaicon-plus\"><\/i>\n                    <\/div>\n                \t\t\t\t\n\t\t\t<\/div>\n\n\t\t\t\n\n\t\t\n\t\t\t\n\t\t\t<div class=\"item-service\">\n\n\t\t\t\t<div class=\"img\">\n\t\t\t\t\t\n\t\t\t\t\t<!-- Avata -->\n\t\t\t\t    <a href=\"https:\/\/e6.servicios-empresa.com\/index.php\/ova_sev\/montaje-de-mantas-termicas\/\" >\n\t\t\t\t    \t\n\t\t\t\t    \t<img decoding=\"async\" src=\"https:\/\/e6.servicios-empresa.com\/wp-content\/uploads\/2025\/12\/interior-contenedor-maritimo-con-manta-termica-1.jpg\" class=\"img-responsive service-img\" alt=\"MONTAJE DE MANTAS TERMICAS\">\n\t\t\t\t\t\t<div class=\"mask\"><\/div>\n\t\t\t\t\t<\/a>\n\n\t\t\t\t<\/div>\n\n\t\t\t\t<!-- Info -->\n\t\t\t\t<div class=\"info\">\n\t\t\t\t\t\n\t\t\t\t\t<h2 class=\"name\">\n\t\t\t\t\t\t<a href=\"https:\/\/e6.servicios-empresa.com\/index.php\/ova_sev\/montaje-de-mantas-termicas\/\" >\n\t\t\t\t\t\t\tMONTAJE DE MANTAS TERMICAS\t\t\t\t\t\t<\/a>\n\t\t\t\t\t<\/h2>\n\n\t\t\t\t<\/div>\n\n\t\t\t\t                \t<div class=\"service-icon\">\n                    \t<i class=\"ovaicon ovaicon-plus\"><\/i>\n                    <\/div>\n                \t\t\t\t\n\t\t\t<\/div>\n\n\t\t\t\n\n\t\t\n\t\t\t\n\t\t\t<div class=\"item-service\">\n\n\t\t\t\t<div class=\"img\">\n\t\t\t\t\t\n\t\t\t\t\t<!-- Avata -->\n\t\t\t\t    <a href=\"https:\/\/e6.servicios-empresa.com\/index.php\/ova_sev\/montaje-de-flexitanks\/\" >\n\t\t\t\t    \t\n\t\t\t\t    \t<img decoding=\"async\" src=\"https:\/\/e6.servicios-empresa.com\/wp-content\/uploads\/2025\/12\/Manufacturer-Food-Grade-Bulk-Liquid-Container-Flexibags-Flexitank-24000L-1.jpg\" class=\"img-responsive service-img\" alt=\"MONTAJE DE FLEXITANKS\">\n\t\t\t\t\t\t<div class=\"mask\"><\/div>\n\t\t\t\t\t<\/a>\n\n\t\t\t\t<\/div>\n\n\t\t\t\t<!-- Info -->\n\t\t\t\t<div class=\"info\">\n\t\t\t\t\t\n\t\t\t\t\t<h2 class=\"name\">\n\t\t\t\t\t\t<a href=\"https:\/\/e6.servicios-empresa.com\/index.php\/ova_sev\/montaje-de-flexitanks\/\" >\n\t\t\t\t\t\t\tMONTAJE DE FLEXITANKS\t\t\t\t\t\t<\/a>\n\t\t\t\t\t<\/h2>\n\n\t\t\t\t<\/div>\n\n\t\t\t\t                \t<div class=\"service-icon\">\n                    \t<i class=\"ovaicon ovaicon-plus\"><\/i>\n                    <\/div>\n                \t\t\t\t\n\t\t\t<\/div>\n\n\t\t\t\n\n\t\t\n\t\t\t\n\t\t\t<div class=\"item-service\">\n\n\t\t\t\t<div class=\"img\">\n\t\t\t\t\t\n\t\t\t\t\t<!-- Avata -->\n\t\t\t\t    <a href=\"https:\/\/e6.servicios-empresa.com\/index.php\/ova_sev\/taller-propio\/\" >\n\t\t\t\t    \t\n\t\t\t\t    \t<img decoding=\"async\" src=\"https:\/\/e6.servicios-empresa.com\/wp-content\/uploads\/2025\/12\/Taller-de-reparacion-de-camiones-1.jpg\" class=\"img-responsive service-img\" alt=\"TALLER PROPIO\">\n\t\t\t\t\t\t<div class=\"mask\"><\/div>\n\t\t\t\t\t<\/a>\n\n\t\t\t\t<\/div>\n\n\t\t\t\t<!-- Info -->\n\t\t\t\t<div class=\"info\">\n\t\t\t\t\t\n\t\t\t\t\t<h2 class=\"name\">\n\t\t\t\t\t\t<a href=\"https:\/\/e6.servicios-empresa.com\/index.php\/ova_sev\/taller-propio\/\" >\n\t\t\t\t\t\t\tTALLER PROPIO\t\t\t\t\t\t<\/a>\n\t\t\t\t\t<\/h2>\n\n\t\t\t\t<\/div>\n\n\t\t\t\t                \t<div class=\"service-icon\">\n                    \t<i class=\"ovaicon ovaicon-plus\"><\/i>\n                    <\/div>\n                \t\t\t\t\n\t\t\t<\/div>\n\n\t\t\t\n\n\t\t\t<\/div>\n\n<\/div>\n\n\t\t\t\t<\/div>\n\t\t\t\t<\/div>\n\t\t\t\t\t<\/div>\n\t\t<\/div>\n\t\t\t\t\t<\/div>\n\t\t<\/section>\n\t\t\t\t<section class=\"elementor-section elementor-top-section elementor-element elementor-element-01a169c elementor-section-boxed elementor-section-height-default elementor-section-height-default\" data-id=\"01a169c\" data-element_type=\"section\">\n\t\t\t\t\t\t<div class=\"elementor-container elementor-column-gap-no\">\n\t\t\t\t\t<div class=\"elementor-column elementor-col-25 elementor-top-column elementor-element elementor-element-edc2226\" data-id=\"edc2226\" data-element_type=\"column\">\n\t\t\t<div class=\"elementor-widget-wrap elementor-element-populated\">\n\t\t\t\t\t\t<div class=\"elementor-element elementor-element-e5c6ee1 elementor-widget elementor-widget-counter\" data-id=\"e5c6ee1\" data-element_type=\"widget\" data-widget_type=\"counter.default\">\n\t\t\t\t\t\t\t<div class=\"elementor-counter\">\n\t\t\t\n\t\t\t<div class=\"elementor-counter-number-wrapper \">\n\n\t\t\t\t\n\t\t\t\t\n\t\t\t\t\t<div class=\"icon\">\n\t\t\t\t\t\t<i class=\"flaticon flaticon-express-delivery\"><\/i>\n\t\t\t\t\t<\/div>\n\n\t\t\t\t\n\t\t\t\t<span class=\"elementor-counter-number-prefix\"><\/span>\n\t\t\t\t<span class=\"elementor-counter-number\" data-duration=\"2000\" data-to-value=\"950\" data-from-value=\"0\" data-delimiter=\",\">0<\/span>\n\t\t\t\t<span class=\"elementor-counter-number-suffix\"><\/span>\n\t\t\t<\/div>\n\n\t\t\t\t\t\t\t<div class=\"elementor-counter-title\">Entregas completadas<\/div>\n\t\t\t\n\t\t\t\t\t<\/div>\n\t\t\t\t\t\t<\/div>\n\t\t\t\t\t<\/div>\n\t\t<\/div>\n\t\t\t\t<div class=\"elementor-column elementor-col-25 elementor-top-column elementor-element elementor-element-8bfea10\" data-id=\"8bfea10\" data-element_type=\"column\">\n\t\t\t<div class=\"elementor-widget-wrap elementor-element-populated\">\n\t\t\t\t\t\t<div class=\"elementor-element elementor-element-5f7cdc6 elementor-widget elementor-widget-counter\" data-id=\"5f7cdc6\" data-element_type=\"widget\" data-widget_type=\"counter.default\">\n\t\t\t\t\t\t\t<div class=\"elementor-counter\">\n\t\t\t\n\t\t\t<div class=\"elementor-counter-number-wrapper \">\n\n\t\t\t\t\n\t\t\t\t\n\t\t\t\t\t<div class=\"icon\">\n\t\t\t\t\t\t<i class=\"flaticon flaticon-customer\"><\/i>\n\t\t\t\t\t<\/div>\n\n\t\t\t\t\n\t\t\t\t<span class=\"elementor-counter-number-prefix\"><\/span>\n\t\t\t\t<span class=\"elementor-counter-number\" data-duration=\"2000\" data-to-value=\"1250\" data-from-value=\"500\">500<\/span>\n\t\t\t\t<span class=\"elementor-counter-number-suffix\"><\/span>\n\t\t\t<\/div>\n\n\t\t\t\t\t\t\t<div class=\"elementor-counter-title\">Clientes Satisfechos<\/div>\n\t\t\t\n\t\t\t\t\t<\/div>\n\t\t\t\t\t\t<\/div>\n\t\t\t\t\t<\/div>\n\t\t<\/div>\n\t\t\t\t<div class=\"elementor-column elementor-col-25 elementor-top-column elementor-element elementor-element-7b0c4d5\" data-id=\"7b0c4d5\" data-element_type=\"column\">\n\t\t\t<div class=\"elementor-widget-wrap elementor-element-populated\">\n\t\t\t\t\t\t<div class=\"elementor-element elementor-element-0cc6b25 elementor-widget elementor-widget-counter\" data-id=\"0cc6b25\" data-element_type=\"widget\" data-widget_type=\"counter.default\">\n\t\t\t\t\t\t\t<div class=\"elementor-counter\">\n\t\t\t\n\t\t\t<div class=\"elementor-counter-number-wrapper \">\n\n\t\t\t\t\n\t\t\t\t\n\t\t\t\t\t<div class=\"icon\">\n\t\t\t\t\t\t<i class=\"flaticon flaticon-trophy\"><\/i>\n\t\t\t\t\t<\/div>\n\n\t\t\t\t\n\t\t\t\t<span class=\"elementor-counter-number-prefix\"><\/span>\n\t\t\t\t<span class=\"elementor-counter-number\" data-duration=\"2000\" data-to-value=\"50\" data-from-value=\"0\" data-delimiter=\",\">0<\/span>\n\t\t\t\t<span class=\"elementor-counter-number-suffix\">+<\/span>\n\t\t\t<\/div>\n\n\t\t\t\t\t\t\t<div class=\"elementor-counter-title\">Premios Ganados<\/div>\n\t\t\t\n\t\t\t\t\t<\/div>\n\t\t\t\t\t\t<\/div>\n\t\t\t\t\t<\/div>\n\t\t<\/div>\n\t\t\t\t<div class=\"elementor-column elementor-col-25 elementor-top-column elementor-element elementor-element-b1cb038\" data-id=\"b1cb038\" data-element_type=\"column\">\n\t\t\t<div class=\"elementor-widget-wrap elementor-element-populated\">\n\t\t\t\t\t\t<div class=\"elementor-element elementor-element-d447a4d elementor-widget elementor-widget-counter\" data-id=\"d447a4d\" data-element_type=\"widget\" data-widget_type=\"counter.default\">\n\t\t\t\t\t\t\t<div class=\"elementor-counter\">\n\t\t\t\n\t\t\t<div class=\"elementor-counter-number-wrapper \">\n\n\t\t\t\t\n\t\t\t\t\n\t\t\t\t\t<div class=\"icon\">\n\t\t\t\t\t\t<i class=\"flaticon flaticon-team\"><\/i>\n\t\t\t\t\t<\/div>\n\n\t\t\t\t\n\t\t\t\t<span class=\"elementor-counter-number-prefix\"><\/span>\n\t\t\t\t<span class=\"elementor-counter-number\" data-duration=\"2000\" data-to-value=\"120\" data-from-value=\"\" data-delimiter=\",\"><\/span>\n\t\t\t\t<span class=\"elementor-counter-number-suffix\"><\/span>\n\t\t\t<\/div>\n\n\t\t\t\t\t\t\t<div class=\"elementor-counter-title\">Miembros del Equipo<\/div>\n\t\t\t\n\t\t\t\t\t<\/div>\n\t\t\t\t\t\t<\/div>\n\t\t\t\t\t<\/div>\n\t\t<\/div>\n\t\t\t\t\t<\/div>\n\t\t<\/section>\n\t\t\t\t<\/div>\n\t\t","protected":false},"excerpt":{"rendered":"<p>\u00bfQu\u00e9 Ofrecemos? Un servicio de calidad, reconocido y avalado, bajo las exigencias y especificaciones t\u00e9cnicas de las certificaciones obtenidas por nuestra compa\u00f1\u00eda, las cuales transmiten la certeza de que sus clientes trabajan con una compa\u00f1\u00eda comprometida con toda la Uni\u00f3n Europea. Servicios auxiliares Almac\u00e9n Transporte de contenedores REEFER ADR BASCULANTES ESPECIAL PESO\/VOLUMEN MERCANCIA ALTO VALOR [&hellip;]<\/p>\n","protected":false},"author":1,"featured_media":2371,"parent":0,"menu_order":0,"comment_status":"closed","ping_status":"closed","template":"elementor_header_footer","meta":{"footnotes":""},"class_list":["post-752","page","type-page","status-publish","has-post-thumbnail","hentry"],"rttpg_featured_image_url":{"full":["https:\/\/e6.servicios-empresa.com\/wp-content\/uploads\/2021\/12\/header-banner-service.jpg",1920,362,false],"landscape":["https:\/\/e6.servicios-empresa.com\/wp-content\/uploads\/2021\/12\/header-banner-service.jpg",1920,362,false],"portraits":["https:\/\/e6.servicios-empresa.com\/wp-content\/uploads\/2021\/12\/header-banner-service.jpg",1920,362,false],"thumbnail":["https:\/\/e6.servicios-empresa.com\/wp-content\/uploads\/2021\/12\/header-banner-service-150x150.jpg",150,150,true],"medium":["https:\/\/e6.servicios-empresa.com\/wp-content\/uploads\/2021\/12\/header-banner-service-300x57.jpg",300,57,true],"large":["https:\/\/e6.servicios-empresa.com\/wp-content\/uploads\/2021\/12\/header-banner-service-1024x193.jpg",800,151,true],"team_square":["https:\/\/e6.servicios-empresa.com\/wp-content\/uploads\/2021\/12\/header-banner-service-300x300.jpg",300,300,true],"team_small":["https:\/\/e6.servicios-empresa.com\/wp-content\/uploads\/2021\/12\/header-banner-service-300x250.jpg",300,250,true],"1536x1536":["https:\/\/e6.servicios-empresa.com\/wp-content\/uploads\/2021\/12\/header-banner-service-1536x290.jpg",1536,290,true],"2048x2048":["https:\/\/e6.servicios-empresa.com\/wp-content\/uploads\/2021\/12\/header-banner-service.jpg",1920,362,false],"transflash_thumbnail":["https:\/\/e6.servicios-empresa.com\/wp-content\/uploads\/2021\/12\/header-banner-service-768x362.jpg",768,362,true],"transflash_square":["https:\/\/e6.servicios-empresa.com\/wp-content\/uploads\/2021\/12\/header-banner-service-410x362.jpg",410,362,true],"transflash_modern":["https:\/\/e6.servicios-empresa.com\/wp-content\/uploads\/2021\/12\/header-banner-service-400x362.jpg",400,362,true]},"rttpg_author":{"display_name":"admin","author_link":"https:\/\/e6.servicios-empresa.com\/index.php\/author\/vicentegaldon_pcwny9eu\/"},"rttpg_comment":0,"rttpg_category":null,"rttpg_excerpt":"\u00bfQu\u00e9 Ofrecemos? Un servicio de calidad, reconocido y avalado, bajo las exigencias y especificaciones t\u00e9cnicas de las certificaciones obtenidas por nuestra compa\u00f1\u00eda, las cuales transmiten la certeza de que sus clientes trabajan con una compa\u00f1\u00eda comprometida con toda la Uni\u00f3n Europea. Servicios auxiliares Almac\u00e9n Transporte de contenedores REEFER ADR BASCULANTES ESPECIAL PESO\/VOLUMEN MERCANCIA ALTO VALOR&hellip;","_links":{"self":[{"href":"https:\/\/e6.servicios-empresa.com\/index.php\/wp-json\/wp\/v2\/pages\/752","targetHints":{"allow":["GET"]}}],"collection":[{"href":"https:\/\/e6.servicios-empresa.com\/index.php\/wp-json\/wp\/v2\/pages"}],"about":[{"href":"https:\/\/e6.servicios-empresa.com\/index.php\/wp-json\/wp\/v2\/types\/page"}],"author":[{"embeddable":true,"href":"https:\/\/e6.servicios-empresa.com\/index.php\/wp-json\/wp\/v2\/users\/1"}],"replies":[{"embeddable":true,"href":"https:\/\/e6.servicios-empresa.com\/index.php\/wp-json\/wp\/v2\/comments?post=752"}],"version-history":[{"count":23,"href":"https:\/\/e6.servicios-empresa.com\/index.php\/wp-json\/wp\/v2\/pages\/752\/revisions"}],"predecessor-version":[{"id":5128,"href":"https:\/\/e6.servicios-empresa.com\/index.php\/wp-json\/wp\/v2\/pages\/752\/revisions\/5128"}],"wp:featuredmedia":[{"embeddable":true,"href":"https:\/\/e6.servicios-empresa.com\/index.php\/wp-json\/wp\/v2\/media\/2371"}],"wp:attachment":[{"href":"https:\/\/e6.servicios-empresa.com\/index.php\/wp-json\/wp\/v2\/media?parent=752"}],"curies":[{"name":"wp","href":"https:\/\/api.w.org\/{rel}","templated":true}]}}