{"id":900,"date":"2021-12-02T01:50:06","date_gmt":"2021-12-02T01:50:06","guid":{"rendered":"https:\/\/e6.servicios-empresa.com\/?page_id=900"},"modified":"2025-12-16T17:34:12","modified_gmt":"2025-12-16T17:34:12","slug":"contact","status":"publish","type":"page","link":"https:\/\/e6.servicios-empresa.com\/index.php\/contact\/","title":{"rendered":"Contacto"},"content":{"rendered":"\t\t<div data-elementor-type=\"wp-page\" data-elementor-id=\"900\" class=\"elementor elementor-900\">\n\t\t\t\t\t\t<section class=\"elementor-section elementor-top-section elementor-element elementor-element-04626b4 elementor-section-boxed elementor-section-height-default elementor-section-height-default\" data-id=\"04626b4\" data-element_type=\"section\" data-settings=\"{&quot;background_background&quot;:&quot;classic&quot;}\">\n\t\t\t\t\t\t<div class=\"elementor-container elementor-column-gap-default\">\n\t\t\t\t\t<div class=\"elementor-column elementor-col-100 elementor-top-column elementor-element elementor-element-2650171\" data-id=\"2650171\" data-element_type=\"column\">\n\t\t\t<div class=\"elementor-widget-wrap elementor-element-populated\">\n\t\t\t\t\t\t<div class=\"elementor-element elementor-element-fe1a97b elementor-widget elementor-widget-transflash_elementor_heading\" data-id=\"fe1a97b\" data-element_type=\"widget\" data-widget_type=\"transflash_elementor_heading.default\">\n\t\t\t\t<div class=\"elementor-widget-container\">\n\t\t\t\t\t\n\t\t    <div class=\"ova-heading\">\n\t\t \t   <h2 class=\"title\">\t\t\t\t\t\t\t\t\t\t\tTrabaja en Leopoldo Romero\t\t\t\t\t\t\t\t\t<\/h2>\n\t\t\t\t\t\t\t\t\t<p class=\"description\">\n\t\t\t\t\t\t\tEn TRANSPORTES LEOPOLDO ROMERO, S.L. creemos en las personas como motor fundamental de nuestro crecimiento. Si te gustar\u00eda formar parte de nuestro equipo, te invitamos a conocer Nuestra Pol\u00edtica, donde encontrar\u00e1s informaci\u00f3n sobre nuestros valores, compromiso con la calidad, seguridad y el desarrollo profesional de nuestros empleados.\t\t\t\t\t<\/p>\n\t\t\t\t\t\t    <\/div>\n\n         \t\t\t\t<\/div>\n\t\t\t\t<\/div>\n\t\t\t\t<div class=\"elementor-element elementor-element-f5ee6b7 elementor-widget elementor-widget-button\" data-id=\"f5ee6b7\" data-element_type=\"widget\" data-widget_type=\"button.default\">\n\t\t\t\t\t\t\t\t\t\t<a class=\"elementor-button elementor-button-link elementor-size-sm elementor-animation-sink\" href=\"https:\/\/e6.servicios-empresa.com\/index.php\/nuestra-politica\/\" target=\"_blank\">\n\t\t\t\t\t\t<span class=\"elementor-button-content-wrapper\">\n\t\t\t\t\t\t<span class=\"elementor-button-icon\">\n\t\t\t\t<i aria-hidden=\"true\" class=\"iconly iconly-Arrow-Right icli\"><\/i>\t\t\t<\/span>\n\t\t\t\t\t\t\t\t\t<span class=\"elementor-button-text\">Nuestra Pol\u00edtica<\/span>\n\t\t\t\t\t<\/span>\n\t\t\t\t\t<\/a>\n\t\t\t\t\t\t\t\t<\/div>\n\t\t\t\t<div class=\"elementor-element elementor-element-2ac5d70 elementor-widget elementor-widget-transflash_elementor_heading\" data-id=\"2ac5d70\" data-element_type=\"widget\" data-widget_type=\"transflash_elementor_heading.default\">\n\t\t\t\t<div class=\"elementor-widget-container\">\n\t\t\t\t\t\n\t\t    <div class=\"ova-heading\">\n\t\t \t   <h2 class=\"title\">\t\t\t\t\t\t\t\t\t\t\t\t\t\t\t\t\t\t\t\t<\/h2>\n\t\t\t\t\t\t\t\t\t<p class=\"description\">\n\t\t\t\t\t\t\tSi compartes nuestra filosof\u00eda de trabajo y deseas unirte a una compa\u00f1\u00eda con una larga trayectoria en el sector del transporte, estaremos encantados de recibir tu candidatura.\t\t\t\t\t<\/p>\n\t\t\t\t\t\t    <\/div>\n\n         \t\t\t\t<\/div>\n\t\t\t\t<\/div>\n\t\t\t\t\t<\/div>\n\t\t<\/div>\n\t\t\t\t\t<\/div>\n\t\t<\/section>\n\t\t\t\t<section class=\"elementor-section elementor-top-section elementor-element elementor-element-2e77b53 elementor-section-boxed elementor-section-height-default elementor-section-height-default\" data-id=\"2e77b53\" data-element_type=\"section\" data-settings=\"{&quot;background_background&quot;:&quot;classic&quot;}\">\n\t\t\t\t\t\t<div class=\"elementor-container elementor-column-gap-default\">\n\t\t\t\t\t<div class=\"elementor-column elementor-col-50 elementor-top-column elementor-element elementor-element-f5ef9cf\" data-id=\"f5ef9cf\" data-element_type=\"column\">\n\t\t\t<div class=\"elementor-widget-wrap elementor-element-populated\">\n\t\t\t\t\t\t<div class=\"elementor-element elementor-element-16d0b59 elementor-widget elementor-widget-transflash_elementor_heading\" data-id=\"16d0b59\" data-element_type=\"widget\" data-widget_type=\"transflash_elementor_heading.default\">\n\t\t\t\t<div class=\"elementor-widget-container\">\n\t\t\t\t\t\n\t\t    <div class=\"ova-heading\">\n\t\t \t   <h2 class=\"title\">\t\t\t\t\t\t\t\t\t\t\tPonte en Contacto con Nosotros\t\t\t\t\t\t\t\t\t<\/h2>\n\t\t\t\t\t\t\t\t\t<p class=\"description\">\n\t\t\t\t\t\t\t\u00bfTienes alguna pregunta o necesitas un presupuesto? En Leopoldo Romero estaremos encantados de atenderte. Ponte en contacto con nosotros y te ofreceremos una atenci\u00f3n r\u00e1pida y personalizada.\t\t\t\t\t<\/p>\n\t\t\t\t\t\t    <\/div>\n\n         \t\t\t\t<\/div>\n\t\t\t\t<\/div>\n\t\t\t\t<div class=\"elementor-element elementor-element-87b3acc elementor-widget elementor-widget-transflash_elementor_contact_info\" data-id=\"87b3acc\" data-element_type=\"widget\" data-widget_type=\"transflash_elementor_contact_info.default\">\n\t\t\t\t<div class=\"elementor-widget-container\">\n\t\t\t\t\t\t\t\t<div class=\"ova-contact-info \">\n\t\t\t\t\n\t\t\t\t\t\t\t\t\t<div class=\"icon\">\n\t\t\t\t\t\t<i aria-hidden=\"true\" class=\"iconly iconly-Calling icli\"><\/i>\t\t\t\t\t<\/div>\t\n\t\t\t\t\t\t\t\t\n\n\t\t\t\t<div class=\"contact\">\n\t\t\t\t\t\n\t\t\t\t\t\t\t\t\t\t\t<div class=\"label\">\n\t\t\t\t\t\t\tTelefono\t\t\t\t\t\t<\/div>\n\t\t\t\t\t\n\t\t\t\t\t\t\t\t\t\t\t<ul class=\"info\">\n\t\t\t\t\t\t\t\n\t\t\t\t\t\t\t\t\t<li class=\"item\">\n\n\t\t\t\t\t\t\t\t\t\t\t\t\t\t\t\t\t\t\t\t\t\t\t<a href=\"tel:963 678 511 \">\n\t\t\t\t\t\t\t\t\t\t\t\t\t\t963 678 511\t\t\t\t\t\t\t\t\t\t\t\t\t<\/a>\n\t\t\t\t\t\t\t\t\t\t\t\t\t\t\t\t\t\t\t\t\t<\/li>\n\t\t\t\t\t\t\t\t\n\t\t\t\t\t\t\t\t\t\t\t\t\t<\/ul>\n\t\t\t\t\t\n\t\t\t\t<\/div>\n\n\t\t\t<\/div>\n\n\t\t\t\t\t\t<\/div>\n\t\t\t\t<\/div>\n\t\t\t\t<div class=\"elementor-element elementor-element-0cb9d13 elementor-widget elementor-widget-transflash_elementor_contact_info\" data-id=\"0cb9d13\" data-element_type=\"widget\" data-widget_type=\"transflash_elementor_contact_info.default\">\n\t\t\t\t<div class=\"elementor-widget-container\">\n\t\t\t\t\t\t\t\t<div class=\"ova-contact-info \">\n\t\t\t\t\n\t\t\t\t\t\t\t\t\t<div class=\"icon\">\n\t\t\t\t\t\t<i aria-hidden=\"true\" class=\"iconly iconly-Message icli\"><\/i>\t\t\t\t\t<\/div>\t\n\t\t\t\t\t\t\t\t\n\n\t\t\t\t<div class=\"contact\">\n\t\t\t\t\t\n\t\t\t\t\t\t\t\t\t\t\t<div class=\"label\">\n\t\t\t\t\t\t\tEmail\t\t\t\t\t\t<\/div>\n\t\t\t\t\t\n\t\t\t\t\t\t\t\t\t\t\t<ul class=\"info\">\n\t\t\t\t\t\t\t\n\t\t\t\t\t\t\t\t\t<li class=\"item\">\n\n\t\t\t\t\t\t\t\t\t\t\t\t\t\t\t\t\t\t\t\t\t\t\t<a href=\"mailto:info@lromero.es \">\n\t\t\t\t\t\t\t\t\t\t\t\t\t\tinfo@lromero.es\t\t\t\t\t\t\t\t\t\t\t\t\t<\/a>\n\t\t\t\t\t\t\t\t\t\t\t\t\t\t\t\t\t\t\t\t\t<\/li>\n\t\t\t\t\t\t\t\t\n\t\t\t\t\t\t\t\t\t\t\t\t\t<\/ul>\n\t\t\t\t\t\n\t\t\t\t<\/div>\n\n\t\t\t<\/div>\n\n\t\t\t\t\t\t<\/div>\n\t\t\t\t<\/div>\n\t\t\t\t<div class=\"elementor-element elementor-element-5732abb elementor-widget elementor-widget-transflash_elementor_contact_info\" data-id=\"5732abb\" data-element_type=\"widget\" data-widget_type=\"transflash_elementor_contact_info.default\">\n\t\t\t\t<div class=\"elementor-widget-container\">\n\t\t\t\t\t\t\t\t<div class=\"ova-contact-info \">\n\t\t\t\t\n\t\t\t\t\t\t\t\t\t<div class=\"icon\">\n\t\t\t\t\t\t<i aria-hidden=\"true\" class=\"iconly iconly-Message icli\"><\/i>\t\t\t\t\t<\/div>\t\n\t\t\t\t\t\t\t\t\n\n\t\t\t\t<div class=\"contact\">\n\t\t\t\t\t\n\t\t\t\t\t\t\t\t\t\t\t<div class=\"label\">\n\t\t\t\t\t\t\tAddress\t\t\t\t\t\t<\/div>\n\t\t\t\t\t\n\t\t\t\t\t\t\t\t\t\t\t<ul class=\"info\">\n\t\t\t\t\t\t\t\n\t\t\t\t\t\t\t\t\t<li class=\"item\">\n\n\t\t\t\t\t\t\t\t\t\t\t\t\t\t\t\t\t\t\t\t\t\t\tCalle riu vinalopo, 2 - nav, quart de poblet, 46930, valencia\t\t\t\t\t\t\t\t\t\t\t\t\t\t\t\t\t\t\t\t\t<\/li>\n\t\t\t\t\t\t\t\t\n\t\t\t\t\t\t\t\t\t\t\t\t\t<\/ul>\n\t\t\t\t\t\n\t\t\t\t<\/div>\n\n\t\t\t<\/div>\n\n\t\t\t\t\t\t<\/div>\n\t\t\t\t<\/div>\n\t\t\t\t\t<\/div>\n\t\t<\/div>\n\t\t\t\t<div class=\"elementor-column elementor-col-50 elementor-top-column elementor-element elementor-element-a7f205f\" data-id=\"a7f205f\" data-element_type=\"column\" data-settings=\"{&quot;background_background&quot;:&quot;classic&quot;}\">\n\t\t\t<div class=\"elementor-widget-wrap elementor-element-populated\">\n\t\t\t\t\t\t<div class=\"elementor-element elementor-element-3a9a159 elementor-widget elementor-widget-shortcode\" data-id=\"3a9a159\" data-element_type=\"widget\" data-widget_type=\"shortcode.default\">\n\t\t\t\t\t\t\t<div class=\"elementor-shortcode\">\n<div class=\"wpcf7 no-js\" id=\"wpcf7-f882-o1\" lang=\"en-US\" dir=\"ltr\" data-wpcf7-id=\"882\">\n<div class=\"screen-reader-response\"><p role=\"status\" aria-live=\"polite\" aria-atomic=\"true\"><\/p> <ul><\/ul><\/div>\n<form action=\"\/index.php\/wp-json\/wp\/v2\/pages\/900#wpcf7-f882-o1\" method=\"post\" class=\"wpcf7-form init\" aria-label=\"Contact form\" novalidate=\"novalidate\" data-status=\"init\">\n<fieldset class=\"hidden-fields-container\"><input type=\"hidden\" name=\"_wpcf7\" value=\"882\" \/><input type=\"hidden\" name=\"_wpcf7_version\" value=\"6.1\" \/><input type=\"hidden\" name=\"_wpcf7_locale\" value=\"en_US\" \/><input type=\"hidden\" name=\"_wpcf7_unit_tag\" value=\"wpcf7-f882-o1\" \/><input type=\"hidden\" name=\"_wpcf7_container_post\" value=\"0\" \/><input type=\"hidden\" name=\"_wpcf7_posted_data_hash\" value=\"\" \/>\n<\/fieldset>\n<div class=\"ova-ctfrom7\">\n\t<div class=\"form-contact-us\">\n\t\t<div class=\"contact-heading\">\n\t\t\t<p><i class=\"flaticon-send\"><\/i><span>Env\u00edanos Un Mensaje<\/span>\n\t\t\t<\/p>\n\t\t<\/div>\n\t\t<div class=\"name-info ova_wrap_input\">\n\t\t\t<p><span class=\"wpcf7-form-control-wrap\" data-name=\"fullname\"><input size=\"40\" maxlength=\"400\" class=\"wpcf7-form-control wpcf7-text wpcf7-validates-as-required\" aria-required=\"true\" aria-invalid=\"false\" placeholder=\"Nombre Completo\" value=\"\" type=\"text\" name=\"fullname\" \/><\/span>\n\t\t\t<\/p>\n\t\t<\/div>\n\t\t<div class=\"phone ova_wrap_input\">\n\t\t\t<p><span class=\"wpcf7-form-control-wrap\" data-name=\"your-phone\"><input size=\"40\" maxlength=\"400\" class=\"wpcf7-form-control wpcf7-tel wpcf7-validates-as-required wpcf7-text wpcf7-validates-as-tel\" aria-required=\"true\" aria-invalid=\"false\" placeholder=\"Tel\u00e9fono\" value=\"\" type=\"tel\" name=\"your-phone\" \/><\/span>\n\t\t\t<\/p>\n\t\t<\/div>\n\t\t<div class=\"email ova_wrap_input\">\n\t\t\t<p><span class=\"wpcf7-form-control-wrap\" data-name=\"your-email\"><input size=\"40\" maxlength=\"400\" class=\"wpcf7-form-control wpcf7-email wpcf7-validates-as-required wpcf7-text wpcf7-validates-as-email\" aria-required=\"true\" aria-invalid=\"false\" placeholder=\"Email\" value=\"\" type=\"email\" name=\"your-email\" \/><\/span>\n\t\t\t<\/p>\n\t\t<\/div>\n\t\t<div class=\"message ova_wrap_input\">\n\t\t\t<p><span class=\"wpcf7-form-control-wrap\" data-name=\"write-message\"><textarea cols=\"40\" rows=\"10\" maxlength=\"2000\" class=\"wpcf7-form-control wpcf7-textarea wpcf7-validates-as-required\" aria-required=\"true\" aria-invalid=\"false\" placeholder=\"Mensaje\" name=\"write-message\"><\/textarea><\/span>\n\t\t\t<\/p>\n\t\t<\/div>\n\t\t<div class=\"privacy ova_wrap_input\">\n\t\t\t<p><span class=\"wpcf7-form-control-wrap\" data-name=\"privacidad\"><span class=\"wpcf7-form-control wpcf7-acceptance\"><span class=\"wpcf7-list-item\"><label><input type=\"checkbox\" name=\"privacidad\" value=\"1\" aria-invalid=\"false\" \/><span class=\"wpcf7-list-item-label\">Acepto la <a href=\"https:\/\/e6.servicios-empresa.com\/index.php\/politica-de-privacidad\/\" target=\"_blank\">Pol\u00edtica de Privacidad<\/a>. Resp. Tratamiento: TRANSPORTES LEOPOLDO ROMERO SL B46261624. Finalidad: Gesti\u00f3n y seguimiento de la solicitud. Ejercicio de derechos: info@lromero.es. M\u00e1s informaci\u00f3n: www.lromero.es\/politica-privacidad<\/span><\/label><\/span><\/span><\/span>\n\t\t\t<\/p>\n\t\t<\/div>\n\t\t<div class=\"ova-submit\">\n\t\t\t<p><i class=\"flaticon-send-message\"><\/i><input class=\"wpcf7-form-control wpcf7-submit has-spinner\" type=\"submit\" value=\"Enviar Mensaje\" \/>\n\t\t\t<\/p>\n\t\t<\/div>\n\t<\/div>\n<\/div><div class=\"wpcf7-response-output\" aria-hidden=\"true\"><\/div>\n<\/form>\n<\/div>\n<\/div>\n\t\t\t\t\t\t<\/div>\n\t\t\t\t\t<\/div>\n\t\t<\/div>\n\t\t\t\t\t<\/div>\n\t\t<\/section>\n\t\t\t\t<section class=\"elementor-section elementor-top-section elementor-element elementor-element-251e465 elementor-section-full_width elementor-section-height-default elementor-section-height-default\" data-id=\"251e465\" data-element_type=\"section\">\n\t\t\t\t\t\t<div class=\"elementor-container elementor-column-gap-no\">\n\t\t\t\t\t<div class=\"elementor-column elementor-col-100 elementor-top-column elementor-element elementor-element-b33579a\" data-id=\"b33579a\" data-element_type=\"column\">\n\t\t\t<div class=\"elementor-widget-wrap elementor-element-populated\">\n\t\t\t\t\t\t<div class=\"elementor-element elementor-element-d06f088 elementor-widget elementor-widget-google_maps\" data-id=\"d06f088\" data-element_type=\"widget\" data-widget_type=\"google_maps.default\">\n\t\t\t\t\t\t\t<div class=\"elementor-custom-embed\">\n\t\t\t<iframe loading=\"lazy\"\n\t\t\t\t\tsrc=\"https:\/\/maps.google.com\/maps?q=Carrer%20Riu%20Vinalop%C3%B3%2C%202%20%2C46930%20Val%C3%A8ncia%2C%20Valencia&#038;t=m&#038;z=14&#038;output=embed&#038;iwloc=near\"\n\t\t\t\t\ttitle=\"Carrer Riu Vinalop\u00f3, 2 ,46930 Val\u00e8ncia, Valencia\"\n\t\t\t\t\taria-label=\"Carrer Riu Vinalop\u00f3, 2 ,46930 Val\u00e8ncia, Valencia\"\n\t\t\t><\/iframe>\n\t\t<\/div>\n\t\t\t\t\t\t<\/div>\n\t\t\t\t\t<\/div>\n\t\t<\/div>\n\t\t\t\t\t<\/div>\n\t\t<\/section>\n\t\t\t\t<\/div>\n\t\t","protected":false},"excerpt":{"rendered":"<p>Trabaja en Leopoldo Romero En TRANSPORTES LEOPOLDO ROMERO, S.L. creemos en las personas como motor fundamental de nuestro crecimiento. Si te gustar\u00eda formar parte de nuestro equipo, te invitamos a conocer Nuestra Pol\u00edtica, donde encontrar\u00e1s informaci\u00f3n sobre nuestros valores, compromiso con la calidad, seguridad y el desarrollo profesional de nuestros empleados. Nuestra Pol\u00edtica Si compartes [&hellip;]<\/p>\n","protected":false},"author":1,"featured_media":1453,"parent":0,"menu_order":0,"comment_status":"closed","ping_status":"closed","template":"elementor_header_footer","meta":{"footnotes":""},"class_list":["post-900","page","type-page","status-publish","has-post-thumbnail","hentry"],"rttpg_featured_image_url":{"full":["https:\/\/e6.servicios-empresa.com\/wp-content\/uploads\/2021\/12\/header-banner-contact.jpg",1920,362,false],"landscape":["https:\/\/e6.servicios-empresa.com\/wp-content\/uploads\/2021\/12\/header-banner-contact.jpg",1920,362,false],"portraits":["https:\/\/e6.servicios-empresa.com\/wp-content\/uploads\/2021\/12\/header-banner-contact.jpg",1920,362,false],"thumbnail":["https:\/\/e6.servicios-empresa.com\/wp-content\/uploads\/2021\/12\/header-banner-contact-150x150.jpg",150,150,true],"medium":["https:\/\/e6.servicios-empresa.com\/wp-content\/uploads\/2021\/12\/header-banner-contact-300x57.jpg",300,57,true],"large":["https:\/\/e6.servicios-empresa.com\/wp-content\/uploads\/2021\/12\/header-banner-contact-1024x193.jpg",800,151,true],"team_square":["https:\/\/e6.servicios-empresa.com\/wp-content\/uploads\/2021\/12\/header-banner-contact-300x300.jpg",300,300,true],"team_small":["https:\/\/e6.servicios-empresa.com\/wp-content\/uploads\/2021\/12\/header-banner-contact-300x250.jpg",300,250,true],"1536x1536":["https:\/\/e6.servicios-empresa.com\/wp-content\/uploads\/2021\/12\/header-banner-contact-1536x290.jpg",1536,290,true],"2048x2048":["https:\/\/e6.servicios-empresa.com\/wp-content\/uploads\/2021\/12\/header-banner-contact.jpg",1920,362,false],"transflash_thumbnail":["https:\/\/e6.servicios-empresa.com\/wp-content\/uploads\/2021\/12\/header-banner-contact-768x362.jpg",768,362,true],"transflash_square":["https:\/\/e6.servicios-empresa.com\/wp-content\/uploads\/2021\/12\/header-banner-contact-410x362.jpg",410,362,true],"transflash_modern":["https:\/\/e6.servicios-empresa.com\/wp-content\/uploads\/2021\/12\/header-banner-contact-400x362.jpg",400,362,true]},"rttpg_author":{"display_name":"admin","author_link":"https:\/\/e6.servicios-empresa.com\/index.php\/author\/vicentegaldon_pcwny9eu\/"},"rttpg_comment":0,"rttpg_category":null,"rttpg_excerpt":"Trabaja en Leopoldo Romero En TRANSPORTES LEOPOLDO ROMERO, S.L. creemos en las personas como motor fundamental de nuestro crecimiento. Si te gustar\u00eda formar parte de nuestro equipo, te invitamos a conocer Nuestra Pol\u00edtica, donde encontrar\u00e1s informaci\u00f3n sobre nuestros valores, compromiso con la calidad, seguridad y el desarrollo profesional de nuestros empleados. Nuestra Pol\u00edtica Si compartes&hellip;","_links":{"self":[{"href":"https:\/\/e6.servicios-empresa.com\/index.php\/wp-json\/wp\/v2\/pages\/900","targetHints":{"allow":["GET"]}}],"collection":[{"href":"https:\/\/e6.servicios-empresa.com\/index.php\/wp-json\/wp\/v2\/pages"}],"about":[{"href":"https:\/\/e6.servicios-empresa.com\/index.php\/wp-json\/wp\/v2\/types\/page"}],"author":[{"embeddable":true,"href":"https:\/\/e6.servicios-empresa.com\/index.php\/wp-json\/wp\/v2\/users\/1"}],"replies":[{"embeddable":true,"href":"https:\/\/e6.servicios-empresa.com\/index.php\/wp-json\/wp\/v2\/comments?post=900"}],"version-history":[{"count":16,"href":"https:\/\/e6.servicios-empresa.com\/index.php\/wp-json\/wp\/v2\/pages\/900\/revisions"}],"predecessor-version":[{"id":5019,"href":"https:\/\/e6.servicios-empresa.com\/index.php\/wp-json\/wp\/v2\/pages\/900\/revisions\/5019"}],"wp:featuredmedia":[{"embeddable":true,"href":"https:\/\/e6.servicios-empresa.com\/index.php\/wp-json\/wp\/v2\/media\/1453"}],"wp:attachment":[{"href":"https:\/\/e6.servicios-empresa.com\/index.php\/wp-json\/wp\/v2\/media?parent=900"}],"curies":[{"name":"wp","href":"https:\/\/api.w.org\/{rel}","templated":true}]}}